{"id":119,"date":"2021-10-07T10:58:27","date_gmt":"2021-10-07T08:58:27","guid":{"rendered":"https:\/\/bekatec-baukasten.de\/04\/?page_id=119"},"modified":"2022-05-17T13:51:07","modified_gmt":"2022-05-17T11:51:07","slug":"bio","status":"publish","type":"page","link":"https:\/\/bekatec-baukasten.de\/04\/bio\/","title":{"rendered":"Bio"},"content":{"rendered":"\n<p class=\"has-text-align-center container\">FrancBazz &#8211; Fran\u00e7ois Bazagolou &#8211; wurde 1990 in Basse-Terre, Guadeloupe geboren. Der Sohn eines franz\u00f6sisch-deutschen-Elternpaares wuchs zweisprachig auf, was Fran\u00e7ois heute f\u00fcr einen seine musikalische Karriere bestimmenden Faktor erachtet. &#8222;Englisch hatte ich in der Schule &#8211; zu meinem Gl\u00fcck guten Englischunterricht&#8220;, erz\u00e4hlt Fran\u00e7ois uns in unserem Berliner Stammsitz. &#8222;Mit drei Sprachen konnte ich die Texte aller Songs verstehen, die mich interessierten.&#8220; Noch in Kindertagen meisterte Fran\u00e7ois die Grundlagen von Klavier und Gitarre, in der Mittelstufe spielte er in Sch\u00fclerbands Bass, Schlagzeug, Synthesizer und sang.<\/p>\n\n\n\n<figure class=\"wp-block-image size-full is-resized w100 mt-4\"><img loading=\"lazy\" decoding=\"async\" src=\"https:\/\/bekatec-baukasten.de\/04\/wp-content\/uploads\/sites\/7\/2021\/10\/BeKaTec_Website-Builder_04_Artist_Profile.jpg\" alt=\"\" class=\"wp-image-142\" width=\"1500\" height=\"489\" srcset=\"https:\/\/bekatec-baukasten.de\/04\/wp-content\/uploads\/sites\/7\/2021\/10\/BeKaTec_Website-Builder_04_Artist_Profile.jpg 1500w, https:\/\/bekatec-baukasten.de\/04\/wp-content\/uploads\/sites\/7\/2021\/10\/BeKaTec_Website-Builder_04_Artist_Profile-300x98.jpg 300w, https:\/\/bekatec-baukasten.de\/04\/wp-content\/uploads\/sites\/7\/2021\/10\/BeKaTec_Website-Builder_04_Artist_Profile-1024x334.jpg 1024w, https:\/\/bekatec-baukasten.de\/04\/wp-content\/uploads\/sites\/7\/2021\/10\/BeKaTec_Website-Builder_04_Artist_Profile-768x250.jpg 768w\" sizes=\"(max-width: 1500px) 100vw, 1500px\" \/><\/figure>\n\n\n\n<p class=\"has-text-align-center container mt-4\">Es folgte das Studium von Gesang und Klavier am Conservatoire de Paris. &#8222;In den Jahren nach dem Studium tingelte ich &#8211; planlos &#8211; quer durch Europa und die USA&#8220;, berichtet er uns. &#8222;Ich sang f\u00fcr eine Band, spielte woanders Bass, Synthie &#8230; Whatever! Versuchte, eine Band zu finden, mit der Chemie und Perspektive passten.&#8220; Fran\u00e7ois lacht: &#8222;Obwohl ich nicht wusste, welche Perspektive es h\u00e4tte sein sollen.&#8220; Mit Mitte zwanzig kam Franc durch einen Zufall zur Studioarbeit. &#8222;Ach! Die Sache! Die Band hatte sich auf der Zielgeraden zum ersten Album zerstritten. Das Studio brauchte jemanden, der eigentlich alles konnte.&#8220;<\/p>\n\n\n\n<div class=\"wp-block-columns container mt-4 is-layout-flex wp-container-core-columns-is-layout-1 wp-block-columns-is-layout-flex\">\n<div class=\"wp-block-column is-layout-flow wp-block-column-is-layout-flow\" style=\"flex-basis:66.66%\">\n<p>Fran\u00e7ois will uns nicht verraten, um welches Studio und um welche Band es ging &#8211; &#8222;Ehrensache. Ich will niemanden reinrei\u00dfen.&#8220; Klar ist uns, dass Studioarbeit, Fran\u00e7ois&#8216; Klavierausbildung und Erfahrung mit Synthesizern zusammenkamen und FrancBazz daraus hervorging.<\/p>\n\n\n\n<p>Gefragt nach Einfl\u00fcssen auf seine Musik lehnt sich Fran\u00e7ois an mittelalterliche Dialektik an und erkl\u00e4rt, er s\u00e4\u00dfe am Keyboard auf &#8222;Schultern von Riesen&#8220;. Der Reigen der Riesen der Komposition, die Fran\u00e7ois nennt, vereint Wagner und Mozart mit Mike Oldfield, Jean-Michel Jarre und Martin Gore von Depeche Mode. Die Rock- und Elektro Rock Elemente, die man in FrancBazz&#8216; Werken antrifft, st\u00fcnden zwischen &#8222;den Stones, den Utah Saints und Apoptygma Berzerk&#8220; &#8211; nach Fran\u00e7ois&#8216; Meinung somit &#8222;in bester Gesellschaft&#8220;.<\/p>\n\n\n\n<p>Zu FrancBazz&#8216; Markenzeichen, der hammerharten Bassline in Covers, Remixes und Eigenkompositionen befragt, prallt FrancBazz&#8216; musikalischer Hang zur gekonnten Reduktion auf einen Reigen von Kritikermeinungen: &#8222;Ich nehme an der Debatte nicht teil und halte es mit Ockhams Sparsamkeitsprinzip: Ich hab&#8216; das mit dem Bass in der Hand gelernt. Wie sonst?&#8220;<\/p>\n\n\n\n<p>Heute f\u00fcllt FrancBazz in seiner Wahlheimat Paris mit seinen Arrangements die Konzerts\u00e4le und Dancefloors. Sein Studioalbum &#8222;Core Fusion&#8220; von 2020 schaffte es binnen Monatsfrist in die Top100.<\/p>\n\n\n\n<p>Die Interviews mit FrancBazz wurden gef\u00fchrt von der Agentur LowPass, Berlin &#8211; London &#8211; Paris. Die Agentur LowPass vertritt FrancBazz exklusiv.<\/p>\n<\/div>\n\n\n\n<div class=\"wp-block-column is-layout-flow wp-block-column-is-layout-flow\" style=\"flex-basis:33.33%\">\n<figure class=\"wp-block-image size-full\"><img loading=\"lazy\" decoding=\"async\" width=\"571\" height=\"800\" src=\"https:\/\/bekatec-baukasten.de\/04\/wp-content\/uploads\/sites\/7\/2021\/10\/BeKaTec_Website-Builder_04_Artist_Profile_02.jpg\" alt=\"\" class=\"wp-image-161\" srcset=\"https:\/\/bekatec-baukasten.de\/04\/wp-content\/uploads\/sites\/7\/2021\/10\/BeKaTec_Website-Builder_04_Artist_Profile_02.jpg 571w, https:\/\/bekatec-baukasten.de\/04\/wp-content\/uploads\/sites\/7\/2021\/10\/BeKaTec_Website-Builder_04_Artist_Profile_02-214x300.jpg 214w\" sizes=\"(max-width: 571px) 100vw, 571px\" \/><\/figure>\n<\/div>\n<\/div>\n","protected":false},"excerpt":{"rendered":"<p>FrancBazz &#8211; Fran\u00e7ois Bazagolou &#8211; wurde 1990 in Basse-Terre, Guadeloupe geboren. Der Sohn eines franz\u00f6sisch-deutschen-Elternpaares wuchs zweisprachig auf, was Fran\u00e7ois heute f\u00fcr einen seine musikalische Karriere bestimmenden Faktor erachtet. &#8222;Englisch hatte ich in der Schule &#8211; zu meinem Gl\u00fcck guten Englischunterricht&#8220;, erz\u00e4hlt Fran\u00e7ois uns in unserem Berliner Stammsitz. &#8222;Mit drei Sprachen konnte ich die Texte [&#8230;]<\/p>\n<p><a class=\"btn btn-secondary understrap-read-more-link\" href=\"https:\/\/bekatec-baukasten.de\/04\/bio\/\">Weiterlesen\u00a0\u2026<span class=\"screen-reader-text\"> from Bio<\/span><\/a><\/p>\n","protected":false},"author":1,"featured_media":0,"parent":0,"menu_order":0,"comment_status":"closed","ping_status":"closed","template":"","meta":{"footnotes":""},"_links":{"self":[{"href":"https:\/\/bekatec-baukasten.de\/04\/wp-json\/wp\/v2\/pages\/119"}],"collection":[{"href":"https:\/\/bekatec-baukasten.de\/04\/wp-json\/wp\/v2\/pages"}],"about":[{"href":"https:\/\/bekatec-baukasten.de\/04\/wp-json\/wp\/v2\/types\/page"}],"author":[{"embeddable":true,"href":"https:\/\/bekatec-baukasten.de\/04\/wp-json\/wp\/v2\/users\/1"}],"replies":[{"embeddable":true,"href":"https:\/\/bekatec-baukasten.de\/04\/wp-json\/wp\/v2\/comments?post=119"}],"version-history":[{"count":19,"href":"https:\/\/bekatec-baukasten.de\/04\/wp-json\/wp\/v2\/pages\/119\/revisions"}],"predecessor-version":[{"id":300,"href":"https:\/\/bekatec-baukasten.de\/04\/wp-json\/wp\/v2\/pages\/119\/revisions\/300"}],"wp:attachment":[{"href":"https:\/\/bekatec-baukasten.de\/04\/wp-json\/wp\/v2\/media?parent=119"}],"curies":[{"name":"wp","href":"https:\/\/api.w.org\/{rel}","templated":true}]}}