{"id":2,"date":"2021-09-23T10:37:08","date_gmt":"2021-09-23T08:37:08","guid":{"rendered":"https:\/\/bekatec-baukasten.de\/04\/?page_id=2"},"modified":"2022-05-17T13:51:44","modified_gmt":"2022-05-17T11:51:44","slug":"beispiel-seite","status":"publish","type":"page","link":"https:\/\/bekatec-baukasten.de\/04\/","title":{"rendered":"FrancBazz"},"content":{"rendered":"\n<p class=\"has-text-align-center\">NEWS 05\/2022: Es ist kein Ger\u00fccht, das in der Berliner Luft h\u00e4ngt: FrancBazz legt in Berlin auf! Der Megastar der Clubs der \u00cele-de-France, der Clubszene von Paris und Saint-Denis ist auf unsere Einladung hin in Berlin und nimmt sein zweites Studioalbum auf. Die Hauptstadt tickt aus &#8211; FrancBazz hat angek\u00fcndigt, in f\u00fcnf &#8211; F\u00dcNF! &#8211; N\u00e4chten in den Clubs Berlins aufzulegen! Die Luft wird hei\u00df, wo FrancBazz zum Rave ruft.<\/p>\n\n\n\n<p class=\"has-text-align-center\">Die H\u00e4lfte der Karten war lange vor dem ersten Tweet von uns abverkauft &#8211; wir von der Agentur LowPass (Berlin &#8211; London &#8211; Paris) r\u00e4tseln noch, wie Ihr das gecheckt habt und setzen diesmal besser noch einen drauf &#8211; was Ihr noch nicht wisst: Anschlie\u00dfend ist FrancBazz auf Tournee durch die Clubs in Deutschland und der Schweiz. Was geht ab und wo? In Berlin, D\u00fcsseldorf, Frankfurt, Hamburg. K\u00f6ln, M\u00fcnchen, Stuttgart und Z\u00fcrich geht der Rave ab.<\/p>\n\n\n\n<div class=\"wp-block-columns alignfull is-layout-flex wp-container-core-columns-is-layout-1 wp-block-columns-is-layout-flex\">\n<div class=\"wp-block-column m-0 is-layout-flow wp-block-column-is-layout-flow\">\n<figure class=\"wp-block-image size-large\"><img loading=\"lazy\" decoding=\"async\" width=\"1024\" height=\"683\" src=\"https:\/\/bekatec-baukasten.de\/04\/wp-content\/uploads\/sites\/7\/2021\/09\/bild3-1024x683.jpg\" alt=\"\" class=\"wp-image-88\" srcset=\"https:\/\/bekatec-baukasten.de\/04\/wp-content\/uploads\/sites\/7\/2021\/09\/bild3-1024x683.jpg 1024w, https:\/\/bekatec-baukasten.de\/04\/wp-content\/uploads\/sites\/7\/2021\/09\/bild3-300x200.jpg 300w, https:\/\/bekatec-baukasten.de\/04\/wp-content\/uploads\/sites\/7\/2021\/09\/bild3-768x512.jpg 768w, https:\/\/bekatec-baukasten.de\/04\/wp-content\/uploads\/sites\/7\/2021\/09\/bild3.jpg 1500w\" sizes=\"(max-width: 1024px) 100vw, 1024px\" \/><\/figure>\n<\/div>\n\n\n\n<div class=\"wp-block-column m-0 is-layout-flow wp-block-column-is-layout-flow\">\n<figure class=\"wp-block-image size-large\"><img loading=\"lazy\" decoding=\"async\" width=\"1024\" height=\"683\" src=\"https:\/\/bekatec-baukasten.de\/04\/wp-content\/uploads\/sites\/7\/2021\/09\/bild2-1-1024x683.jpg\" alt=\"\" class=\"wp-image-87\" srcset=\"https:\/\/bekatec-baukasten.de\/04\/wp-content\/uploads\/sites\/7\/2021\/09\/bild2-1-1024x683.jpg 1024w, https:\/\/bekatec-baukasten.de\/04\/wp-content\/uploads\/sites\/7\/2021\/09\/bild2-1-300x200.jpg 300w, https:\/\/bekatec-baukasten.de\/04\/wp-content\/uploads\/sites\/7\/2021\/09\/bild2-1-768x512.jpg 768w, https:\/\/bekatec-baukasten.de\/04\/wp-content\/uploads\/sites\/7\/2021\/09\/bild2-1.jpg 1500w\" sizes=\"(max-width: 1024px) 100vw, 1024px\" \/><\/figure>\n<\/div>\n\n\n\n<div class=\"wp-block-column m-0 is-layout-flow wp-block-column-is-layout-flow\">\n<figure class=\"wp-block-image size-large\"><img loading=\"lazy\" decoding=\"async\" width=\"1024\" height=\"683\" src=\"https:\/\/bekatec-baukasten.de\/04\/wp-content\/uploads\/sites\/7\/2021\/09\/bild1-1024x683.jpg\" alt=\"\" class=\"wp-image-86\" srcset=\"https:\/\/bekatec-baukasten.de\/04\/wp-content\/uploads\/sites\/7\/2021\/09\/bild1-1024x683.jpg 1024w, https:\/\/bekatec-baukasten.de\/04\/wp-content\/uploads\/sites\/7\/2021\/09\/bild1-300x200.jpg 300w, https:\/\/bekatec-baukasten.de\/04\/wp-content\/uploads\/sites\/7\/2021\/09\/bild1-768x512.jpg 768w, https:\/\/bekatec-baukasten.de\/04\/wp-content\/uploads\/sites\/7\/2021\/09\/bild1.jpg 1500w\" sizes=\"(max-width: 1024px) 100vw, 1024px\" \/><\/figure>\n<\/div>\n<\/div>\n\n\n\n<h2 class=\"has-text-align-center wp-block-heading\">Stay tuned!<\/h2>\n\n\n\n<ul class=\"wp-block-social-links has-large-icon-size items-justified-center is-style-default is-layout-flex wp-block-social-links-is-layout-flex\"><li class=\"wp-social-link wp-social-link-facebook  wp-block-social-link\"><a href=\"https:\/\/#\" class=\"wp-block-social-link-anchor\"><svg width=\"24\" height=\"24\" viewBox=\"0 0 24 24\" version=\"1.1\" xmlns=\"http:\/\/www.w3.org\/2000\/svg\" aria-hidden=\"true\" focusable=\"false\"><path d=\"M12 2C6.5 2 2 6.5 2 12c0 5 3.7 9.1 8.4 9.9v-7H7.9V12h2.5V9.8c0-2.5 1.5-3.9 3.8-3.9 1.1 0 2.2.2 2.2.2v2.5h-1.3c-1.2 0-1.6.8-1.6 1.6V12h2.8l-.4 2.9h-2.3v7C18.3 21.1 22 17 22 12c0-5.5-4.5-10-10-10z\"><\/path><\/svg><span class=\"wp-block-social-link-label screen-reader-text\">Facebook<\/span><\/a><\/li>\n\n<li class=\"wp-social-link wp-social-link-instagram  wp-block-social-link\"><a href=\"https:\/\/#\" class=\"wp-block-social-link-anchor\"><svg width=\"24\" height=\"24\" viewBox=\"0 0 24 24\" version=\"1.1\" xmlns=\"http:\/\/www.w3.org\/2000\/svg\" aria-hidden=\"true\" focusable=\"false\"><path d=\"M12,4.622c2.403,0,2.688,0.009,3.637,0.052c0.877,0.04,1.354,0.187,1.671,0.31c0.42,0.163,0.72,0.358,1.035,0.673 c0.315,0.315,0.51,0.615,0.673,1.035c0.123,0.317,0.27,0.794,0.31,1.671c0.043,0.949,0.052,1.234,0.052,3.637 s-0.009,2.688-0.052,3.637c-0.04,0.877-0.187,1.354-0.31,1.671c-0.163,0.42-0.358,0.72-0.673,1.035 c-0.315,0.315-0.615,0.51-1.035,0.673c-0.317,0.123-0.794,0.27-1.671,0.31c-0.949,0.043-1.233,0.052-3.637,0.052 s-2.688-0.009-3.637-0.052c-0.877-0.04-1.354-0.187-1.671-0.31c-0.42-0.163-0.72-0.358-1.035-0.673 c-0.315-0.315-0.51-0.615-0.673-1.035c-0.123-0.317-0.27-0.794-0.31-1.671C4.631,14.688,4.622,14.403,4.622,12 s0.009-2.688,0.052-3.637c0.04-0.877,0.187-1.354,0.31-1.671c0.163-0.42,0.358-0.72,0.673-1.035 c0.315-0.315,0.615-0.51,1.035-0.673c0.317-0.123,0.794-0.27,1.671-0.31C9.312,4.631,9.597,4.622,12,4.622 M12,3 C9.556,3,9.249,3.01,8.289,3.054C7.331,3.098,6.677,3.25,6.105,3.472C5.513,3.702,5.011,4.01,4.511,4.511 c-0.5,0.5-0.808,1.002-1.038,1.594C3.25,6.677,3.098,7.331,3.054,8.289C3.01,9.249,3,9.556,3,12c0,2.444,0.01,2.751,0.054,3.711 c0.044,0.958,0.196,1.612,0.418,2.185c0.23,0.592,0.538,1.094,1.038,1.594c0.5,0.5,1.002,0.808,1.594,1.038 c0.572,0.222,1.227,0.375,2.185,0.418C9.249,20.99,9.556,21,12,21s2.751-0.01,3.711-0.054c0.958-0.044,1.612-0.196,2.185-0.418 c0.592-0.23,1.094-0.538,1.594-1.038c0.5-0.5,0.808-1.002,1.038-1.594c0.222-0.572,0.375-1.227,0.418-2.185 C20.99,14.751,21,14.444,21,12s-0.01-2.751-0.054-3.711c-0.044-0.958-0.196-1.612-0.418-2.185c-0.23-0.592-0.538-1.094-1.038-1.594 c-0.5-0.5-1.002-0.808-1.594-1.038c-0.572-0.222-1.227-0.375-2.185-0.418C14.751,3.01,14.444,3,12,3L12,3z M12,7.378 c-2.552,0-4.622,2.069-4.622,4.622S9.448,16.622,12,16.622s4.622-2.069,4.622-4.622S14.552,7.378,12,7.378z M12,15 c-1.657,0-3-1.343-3-3s1.343-3,3-3s3,1.343,3,3S13.657,15,12,15z M16.804,6.116c-0.596,0-1.08,0.484-1.08,1.08 s0.484,1.08,1.08,1.08c0.596,0,1.08-0.484,1.08-1.08S17.401,6.116,16.804,6.116z\"><\/path><\/svg><span class=\"wp-block-social-link-label screen-reader-text\">Instagram<\/span><\/a><\/li>\n\n<li class=\"wp-social-link wp-social-link-snapchat  wp-block-social-link\"><a href=\"https:\/\/#\" class=\"wp-block-social-link-anchor\"><svg width=\"24\" height=\"24\" viewBox=\"0 0 24 24\" version=\"1.1\" xmlns=\"http:\/\/www.w3.org\/2000\/svg\" aria-hidden=\"true\" focusable=\"false\"><path d=\"M12.065,2a5.526,5.526,0,0,1,3.132.892A5.854,5.854,0,0,1,17.326,5.4a5.821,5.821,0,0,1,.351,2.33q0,.612-.117,2.487a.809.809,0,0,0,.365.091,1.93,1.93,0,0,0,.664-.176,1.93,1.93,0,0,1,.664-.176,1.3,1.3,0,0,1,.729.234.7.7,0,0,1,.351.6.839.839,0,0,1-.41.7,2.732,2.732,0,0,1-.9.41,3.192,3.192,0,0,0-.9.378.728.728,0,0,0-.41.618,1.575,1.575,0,0,0,.156.56,6.9,6.9,0,0,0,1.334,1.953,5.6,5.6,0,0,0,1.881,1.315,5.875,5.875,0,0,0,1.042.3.42.42,0,0,1,.365.456q0,.911-2.852,1.341a1.379,1.379,0,0,0-.143.507,1.8,1.8,0,0,1-.182.605.451.451,0,0,1-.429.241,5.878,5.878,0,0,1-.807-.085,5.917,5.917,0,0,0-.833-.085,4.217,4.217,0,0,0-.807.065,2.42,2.42,0,0,0-.82.293,6.682,6.682,0,0,0-.755.5q-.351.267-.755.527a3.886,3.886,0,0,1-.989.436A4.471,4.471,0,0,1,11.831,22a4.307,4.307,0,0,1-1.256-.176,3.784,3.784,0,0,1-.976-.436q-.4-.26-.749-.527a6.682,6.682,0,0,0-.755-.5,2.422,2.422,0,0,0-.807-.293,4.432,4.432,0,0,0-.82-.065,5.089,5.089,0,0,0-.853.1,5,5,0,0,1-.762.1.474.474,0,0,1-.456-.241,1.819,1.819,0,0,1-.182-.618,1.411,1.411,0,0,0-.143-.521q-2.852-.429-2.852-1.341a.42.42,0,0,1,.365-.456,5.793,5.793,0,0,0,1.042-.3,5.524,5.524,0,0,0,1.881-1.315,6.789,6.789,0,0,0,1.334-1.953A1.575,1.575,0,0,0,6,12.9a.728.728,0,0,0-.41-.618,3.323,3.323,0,0,0-.9-.384,2.912,2.912,0,0,1-.9-.41.814.814,0,0,1-.41-.684.71.71,0,0,1,.338-.593,1.208,1.208,0,0,1,.716-.241,1.976,1.976,0,0,1,.625.169,2.008,2.008,0,0,0,.69.169.919.919,0,0,0,.416-.091q-.117-1.849-.117-2.474A5.861,5.861,0,0,1,6.385,5.4,5.516,5.516,0,0,1,8.625,2.819,7.075,7.075,0,0,1,12.062,2Z\"><\/path><\/svg><span class=\"wp-block-social-link-label screen-reader-text\">Snapchat<\/span><\/a><\/li>\n\n<li class=\"wp-social-link wp-social-link-soundcloud  wp-block-social-link\"><a href=\"https:\/\/#\" class=\"wp-block-social-link-anchor\"><svg width=\"24\" height=\"24\" viewBox=\"0 0 24 24\" version=\"1.1\" xmlns=\"http:\/\/www.w3.org\/2000\/svg\" aria-hidden=\"true\" focusable=\"false\"><path d=\"M8.9,16.1L9,14L8.9,9.5c0-0.1,0-0.1-0.1-0.1c0,0-0.1-0.1-0.1-0.1c-0.1,0-0.1,0-0.1,0.1c0,0-0.1,0.1-0.1,0.1L8.3,14l0.1,2.1 c0,0.1,0,0.1,0.1,0.1c0,0,0.1,0.1,0.1,0.1C8.8,16.3,8.9,16.3,8.9,16.1z M11.4,15.9l0.1-1.8L11.4,9c0-0.1,0-0.2-0.1-0.2 c0,0-0.1,0-0.1,0s-0.1,0-0.1,0c-0.1,0-0.1,0.1-0.1,0.2l0,0.1l-0.1,5c0,0,0,0.7,0.1,2v0c0,0.1,0,0.1,0.1,0.1c0.1,0.1,0.1,0.1,0.2,0.1 c0.1,0,0.1,0,0.2-0.1c0.1,0,0.1-0.1,0.1-0.2L11.4,15.9z M2.4,12.9L2.5,14l-0.2,1.1c0,0.1,0,0.1-0.1,0.1c0,0-0.1,0-0.1-0.1L2.1,14 l0.1-1.1C2.2,12.9,2.3,12.9,2.4,12.9C2.3,12.9,2.4,12.9,2.4,12.9z M3.1,12.2L3.3,14l-0.2,1.8c0,0.1,0,0.1-0.1,0.1 c-0.1,0-0.1,0-0.1-0.1L2.8,14L3,12.2C3,12.2,3,12.2,3.1,12.2C3.1,12.2,3.1,12.2,3.1,12.2z M3.9,11.9L4.1,14l-0.2,2.1 c0,0.1,0,0.1-0.1,0.1c-0.1,0-0.1,0-0.1-0.1L3.5,14l0.2-2.1c0-0.1,0-0.1,0.1-0.1C3.9,11.8,3.9,11.8,3.9,11.9z M4.7,11.9L4.9,14 l-0.2,2.1c0,0.1-0.1,0.1-0.1,0.1c-0.1,0-0.1,0-0.1-0.1L4.3,14l0.2-2.2c0-0.1,0-0.1,0.1-0.1C4.7,11.7,4.7,11.8,4.7,11.9z M5.6,12 l0.2,2l-0.2,2.1c0,0.1-0.1,0.1-0.1,0.1c0,0-0.1,0-0.1,0c0,0,0-0.1,0-0.1L5.1,14l0.2-2c0,0,0-0.1,0-0.1s0.1,0,0.1,0 C5.5,11.9,5.5,11.9,5.6,12L5.6,12z M6.4,10.7L6.6,14l-0.2,2.1c0,0,0,0.1,0,0.1c0,0-0.1,0-0.1,0c-0.1,0-0.1-0.1-0.2-0.2L5.9,14 l0.2-3.3c0-0.1,0.1-0.2,0.2-0.2c0,0,0.1,0,0.1,0C6.4,10.7,6.4,10.7,6.4,10.7z M7.2,10l0.2,4.1l-0.2,2.1c0,0,0,0.1,0,0.1 c0,0-0.1,0-0.1,0c-0.1,0-0.2-0.1-0.2-0.2l-0.1-2.1L6.8,10c0-0.1,0.1-0.2,0.2-0.2c0,0,0.1,0,0.1,0S7.2,9.9,7.2,10z M8,9.6L8.2,14 L8,16.1c0,0.1-0.1,0.2-0.2,0.2c-0.1,0-0.2-0.1-0.2-0.2L7.5,14l0.1-4.4c0-0.1,0-0.1,0.1-0.1c0,0,0.1-0.1,0.1-0.1c0.1,0,0.1,0,0.1,0.1 C8,9.6,8,9.6,8,9.6z M11.4,16.1L11.4,16.1L11.4,16.1z M9.7,9.6L9.8,14l-0.1,2.1c0,0.1,0,0.1-0.1,0.2s-0.1,0.1-0.2,0.1 c-0.1,0-0.1,0-0.1-0.1s-0.1-0.1-0.1-0.2L9.2,14l0.1-4.4c0-0.1,0-0.1,0.1-0.2s0.1-0.1,0.2-0.1c0.1,0,0.1,0,0.2,0.1S9.7,9.5,9.7,9.6 L9.7,9.6z M10.6,9.8l0.1,4.3l-0.1,2c0,0.1,0,0.1-0.1,0.2c0,0-0.1,0.1-0.2,0.1c-0.1,0-0.1,0-0.2-0.1c0,0-0.1-0.1-0.1-0.2L10,14 l0.1-4.3c0-0.1,0-0.1,0.1-0.2c0,0,0.1-0.1,0.2-0.1c0.1,0,0.1,0,0.2,0.1S10.6,9.7,10.6,9.8z M12.4,14l-0.1,2c0,0.1,0,0.1-0.1,0.2 c-0.1,0.1-0.1,0.1-0.2,0.1c-0.1,0-0.1,0-0.2-0.1c-0.1-0.1-0.1-0.1-0.1-0.2l-0.1-1l-0.1-1l0.1-5.5v0c0-0.1,0-0.2,0.1-0.2 c0.1,0,0.1-0.1,0.2-0.1c0,0,0.1,0,0.1,0c0.1,0,0.1,0.1,0.1,0.2L12.4,14z M22.1,13.9c0,0.7-0.2,1.3-0.7,1.7c-0.5,0.5-1.1,0.7-1.7,0.7 h-6.8c-0.1,0-0.1,0-0.2-0.1c-0.1-0.1-0.1-0.1-0.1-0.2V8.2c0-0.1,0.1-0.2,0.2-0.3c0.5-0.2,1-0.3,1.6-0.3c1.1,0,2.1,0.4,2.9,1.1 c0.8,0.8,1.3,1.7,1.4,2.8c0.3-0.1,0.6-0.2,1-0.2c0.7,0,1.3,0.2,1.7,0.7C21.8,12.6,22.1,13.2,22.1,13.9L22.1,13.9z\"><\/path><\/svg><span class=\"wp-block-social-link-label screen-reader-text\">Soundcloud<\/span><\/a><\/li>\n\n<li class=\"wp-social-link wp-social-link-spotify  wp-block-social-link\"><a href=\"https:\/\/#\" class=\"wp-block-social-link-anchor\"><svg width=\"24\" height=\"24\" viewBox=\"0 0 24 24\" version=\"1.1\" xmlns=\"http:\/\/www.w3.org\/2000\/svg\" aria-hidden=\"true\" focusable=\"false\"><path d=\"M12,2C6.477,2,2,6.477,2,12c0,5.523,4.477,10,10,10c5.523,0,10-4.477,10-10C22,6.477,17.523,2,12,2 M16.586,16.424 c-0.18,0.295-0.563,0.387-0.857,0.207c-2.348-1.435-5.304-1.76-8.785-0.964c-0.335,0.077-0.67-0.133-0.746-0.469 c-0.077-0.335,0.132-0.67,0.469-0.746c3.809-0.871,7.077-0.496,9.713,1.115C16.673,15.746,16.766,16.13,16.586,16.424 M17.81,13.7 c-0.226,0.367-0.706,0.482-1.072,0.257c-2.687-1.652-6.785-2.131-9.965-1.166C6.36,12.917,5.925,12.684,5.8,12.273 C5.675,11.86,5.908,11.425,6.32,11.3c3.632-1.102,8.147-0.568,11.234,1.328C17.92,12.854,18.035,13.335,17.81,13.7 M17.915,10.865 c-3.223-1.914-8.54-2.09-11.618-1.156C5.804,9.859,5.281,9.58,5.131,9.086C4.982,8.591,5.26,8.069,5.755,7.919 c3.532-1.072,9.404-0.865,13.115,1.338c0.445,0.264,0.59,0.838,0.327,1.282C18.933,10.983,18.359,11.129,17.915,10.865\"><\/path><\/svg><span class=\"wp-block-social-link-label screen-reader-text\">Spotify<\/span><\/a><\/li>\n\n<li class=\"wp-social-link wp-social-link-tiktok  wp-block-social-link\"><a href=\"https:\/\/#\" class=\"wp-block-social-link-anchor\"><svg width=\"24\" height=\"24\" viewBox=\"0 0 32 32\" version=\"1.1\" xmlns=\"http:\/\/www.w3.org\/2000\/svg\" aria-hidden=\"true\" focusable=\"false\"><path d=\"M16.708 0.027c1.745-0.027 3.48-0.011 5.213-0.027 0.105 2.041 0.839 4.12 2.333 5.563 1.491 1.479 3.6 2.156 5.652 2.385v5.369c-1.923-0.063-3.855-0.463-5.6-1.291-0.76-0.344-1.468-0.787-2.161-1.24-0.009 3.896 0.016 7.787-0.025 11.667-0.104 1.864-0.719 3.719-1.803 5.255-1.744 2.557-4.771 4.224-7.88 4.276-1.907 0.109-3.812-0.411-5.437-1.369-2.693-1.588-4.588-4.495-4.864-7.615-0.032-0.667-0.043-1.333-0.016-1.984 0.24-2.537 1.495-4.964 3.443-6.615 2.208-1.923 5.301-2.839 8.197-2.297 0.027 1.975-0.052 3.948-0.052 5.923-1.323-0.428-2.869-0.308-4.025 0.495-0.844 0.547-1.485 1.385-1.819 2.333-0.276 0.676-0.197 1.427-0.181 2.145 0.317 2.188 2.421 4.027 4.667 3.828 1.489-0.016 2.916-0.88 3.692-2.145 0.251-0.443 0.532-0.896 0.547-1.417 0.131-2.385 0.079-4.76 0.095-7.145 0.011-5.375-0.016-10.735 0.025-16.093z\" \/><\/svg><span class=\"wp-block-social-link-label screen-reader-text\">TikTok<\/span><\/a><\/li>\n\n<li class=\"wp-social-link wp-social-link-twitter  wp-block-social-link\"><a href=\"https:\/\/#\" class=\"wp-block-social-link-anchor\"><svg width=\"24\" height=\"24\" viewBox=\"0 0 24 24\" version=\"1.1\" xmlns=\"http:\/\/www.w3.org\/2000\/svg\" aria-hidden=\"true\" focusable=\"false\"><path d=\"M22.23,5.924c-0.736,0.326-1.527,0.547-2.357,0.646c0.847-0.508,1.498-1.312,1.804-2.27 c-0.793,0.47-1.671,0.812-2.606,0.996C18.324,4.498,17.257,4,16.077,4c-2.266,0-4.103,1.837-4.103,4.103 c0,0.322,0.036,0.635,0.106,0.935C8.67,8.867,5.647,7.234,3.623,4.751C3.27,5.357,3.067,6.062,3.067,6.814 c0,1.424,0.724,2.679,1.825,3.415c-0.673-0.021-1.305-0.206-1.859-0.513c0,0.017,0,0.034,0,0.052c0,1.988,1.414,3.647,3.292,4.023 c-0.344,0.094-0.707,0.144-1.081,0.144c-0.264,0-0.521-0.026-0.772-0.074c0.522,1.63,2.038,2.816,3.833,2.85 c-1.404,1.1-3.174,1.756-5.096,1.756c-0.331,0-0.658-0.019-0.979-0.057c1.816,1.164,3.973,1.843,6.29,1.843 c7.547,0,11.675-6.252,11.675-11.675c0-0.178-0.004-0.355-0.012-0.531C20.985,7.47,21.68,6.747,22.23,5.924z\"><\/path><\/svg><span class=\"wp-block-social-link-label screen-reader-text\">Twitter<\/span><\/a><\/li>\n\n<li class=\"wp-social-link wp-social-link-youtube  wp-block-social-link\"><a href=\"https:\/\/#\" class=\"wp-block-social-link-anchor\"><svg width=\"24\" height=\"24\" viewBox=\"0 0 24 24\" version=\"1.1\" xmlns=\"http:\/\/www.w3.org\/2000\/svg\" aria-hidden=\"true\" focusable=\"false\"><path d=\"M21.8,8.001c0,0-0.195-1.378-0.795-1.985c-0.76-0.797-1.613-0.801-2.004-0.847c-2.799-0.202-6.997-0.202-6.997-0.202 h-0.009c0,0-4.198,0-6.997,0.202C4.608,5.216,3.756,5.22,2.995,6.016C2.395,6.623,2.2,8.001,2.2,8.001S2,9.62,2,11.238v1.517 c0,1.618,0.2,3.237,0.2,3.237s0.195,1.378,0.795,1.985c0.761,0.797,1.76,0.771,2.205,0.855c1.6,0.153,6.8,0.201,6.8,0.201 s4.203-0.006,7.001-0.209c0.391-0.047,1.243-0.051,2.004-0.847c0.6-0.607,0.795-1.985,0.795-1.985s0.2-1.618,0.2-3.237v-1.517 C22,9.62,21.8,8.001,21.8,8.001z M9.935,14.594l-0.001-5.62l5.404,2.82L9.935,14.594z\"><\/path><\/svg><span class=\"wp-block-social-link-label screen-reader-text\">YouTube<\/span><\/a><\/li><\/ul>\n\n\n\n<h2 class=\"has-text-align-center mt-lg-5 mt-md-4 mt-3 wp-block-heading\">Shows 2022<\/h2>\n\n\n\n<figure class=\"wp-block-table px-lg-5 px-md-4 px-3 mb-lg-5 mb-md-4 mb-3 is-style-stripes border-0\"><table class=\"has-fixed-layout\"><tbody><tr><td>09.11.2021<\/td><td class=\"has-text-align-left\" data-align=\"left\">Frankfurt<\/td><td class=\"has-text-align-left\" data-align=\"left\">Jahrhunderthalle Frankfurt<\/td><td class=\"has-text-align-right\" data-align=\"right\">[ weitere Informationen ]<\/td><\/tr><tr><td>20.11.2021<\/td><td class=\"has-text-align-left\" data-align=\"left\">M\u00fcnchen<\/td><td class=\"has-text-align-left\" data-align=\"left\">Zenith, die Kulturhalle<\/td><td class=\"has-text-align-right\" data-align=\"right\">[ weitere Informationen ]<\/td><\/tr><tr><td>25.11.2021<\/td><td class=\"has-text-align-left\" data-align=\"left\">Stuttgart<\/td><td class=\"has-text-align-left\" data-align=\"left\">Porsche-Arena<\/td><td class=\"has-text-align-right\" data-align=\"right\">[ weitere Informationen ]<\/td><\/tr><tr><td>29.11.2021<\/td><td class=\"has-text-align-left\" data-align=\"left\">Hamburg<\/td><td class=\"has-text-align-left\" data-align=\"left\">Sporthalle Hamburg<\/td><td class=\"has-text-align-right\" data-align=\"right\">[ weitere Informationen ]<\/td><\/tr><tr><td>30.11.2021<\/td><td class=\"has-text-align-left\" data-align=\"left\">Berlin<\/td><td class=\"has-text-align-left\" data-align=\"left\">Columbiahalle<\/td><td class=\"has-text-align-right\" data-align=\"right\">[ weitere Informationen ]<\/td><\/tr><tr><td>06.12.2021<\/td><td class=\"has-text-align-left\" data-align=\"left\">K\u00f6ln<\/td><td class=\"has-text-align-left\" data-align=\"left\">Palladium K\u00f6ln<\/td><td class=\"has-text-align-right\" data-align=\"right\">[ weitere Informationen ]<\/td><\/tr><tr><td>08.12.2021<\/td><td class=\"has-text-align-left\" data-align=\"left\">Z\u00fcrich<\/td><td class=\"has-text-align-left\" data-align=\"left\">Samsung Hall<\/td><td class=\"has-text-align-right\" data-align=\"right\">[ weitere Informationen ]<\/td><\/tr><tr><td>12.12.2021<\/td><td class=\"has-text-align-left\" data-align=\"left\">D\u00fcsseldorf<\/td><td class=\"has-text-align-left\" data-align=\"left\">Mitsubishi Electric Halle<\/td><td class=\"has-text-align-right\" data-align=\"right\">[ weitere Informationen ]<\/td><\/tr><\/tbody><\/table><\/figure>\n\n\n\n<div class=\"wp-block-cover alignfull\"><span aria-hidden=\"true\" class=\"wp-block-cover__gradient-background has-background-dim\"><\/span><img loading=\"lazy\" decoding=\"async\" width=\"2500\" height=\"1203\" class=\"wp-block-cover__image-background wp-image-44\" alt=\"\" src=\"https:\/\/bekatec-baukasten.de\/04\/wp-content\/uploads\/sites\/7\/2021\/09\/footer.jpg\" data-object-fit=\"cover\" srcset=\"https:\/\/bekatec-baukasten.de\/04\/wp-content\/uploads\/sites\/7\/2021\/09\/footer.jpg 2500w, https:\/\/bekatec-baukasten.de\/04\/wp-content\/uploads\/sites\/7\/2021\/09\/footer-300x144.jpg 300w, https:\/\/bekatec-baukasten.de\/04\/wp-content\/uploads\/sites\/7\/2021\/09\/footer-1024x493.jpg 1024w, https:\/\/bekatec-baukasten.de\/04\/wp-content\/uploads\/sites\/7\/2021\/09\/footer-768x370.jpg 768w, https:\/\/bekatec-baukasten.de\/04\/wp-content\/uploads\/sites\/7\/2021\/09\/footer-1536x739.jpg 1536w, https:\/\/bekatec-baukasten.de\/04\/wp-content\/uploads\/sites\/7\/2021\/09\/footer-2048x985.jpg 2048w\" sizes=\"(max-width: 2500px) 100vw, 2500px\" \/><div class=\"wp-block-cover__inner-container is-layout-flow wp-block-cover-is-layout-flow\">\n<p class=\"has-text-align-center has-large-font-size\">Booking<\/p>\n\n\n\n<p class=\"has-text-align-center container\">Lorem ipsum dolor sit amet, consetetur sadipscing elitr, sed diam nonumy eirmod tempor invidunt ut labore et<br>dolore magna aliquyam erat, sed diam voluptua. At vero eos et accusam et justo duo dolores et ea rebum.<br>Stet clita kasd gubergren, no sea takimata sanctus est Lorem ipsum dolor sit amet.<\/p>\n\n\n\n<div class=\"wp-block-buttons justify-content-center mt-5 is-layout-flex wp-block-buttons-is-layout-flex\">\n<div class=\"wp-block-button is-style-outline\"><a class=\"wp-block-button__link\">zum Booking Formular<\/a><\/div>\n<\/div>\n<\/div><\/div>\n","protected":false},"excerpt":{"rendered":"<p>NEWS 05\/2022: Es ist kein Ger\u00fccht, das in der Berliner Luft h\u00e4ngt: FrancBazz legt in Berlin auf! Der Megastar der Clubs der \u00cele-de-France, der Clubszene von Paris und Saint-Denis ist auf unsere Einladung hin in Berlin und nimmt sein zweites Studioalbum auf. Die Hauptstadt tickt aus &#8211; FrancBazz hat angek\u00fcndigt, in f\u00fcnf &#8211; F\u00dcNF! &#8211; [&#8230;]<\/p>\n<p><a class=\"btn btn-secondary understrap-read-more-link\" href=\"https:\/\/bekatec-baukasten.de\/04\/\">Weiterlesen\u00a0\u2026<span class=\"screen-reader-text\"> from FrancBazz<\/span><\/a><\/p>\n","protected":false},"author":1,"featured_media":0,"parent":0,"menu_order":0,"comment_status":"closed","ping_status":"open","template":"","meta":{"footnotes":""},"_links":{"self":[{"href":"https:\/\/bekatec-baukasten.de\/04\/wp-json\/wp\/v2\/pages\/2"}],"collection":[{"href":"https:\/\/bekatec-baukasten.de\/04\/wp-json\/wp\/v2\/pages"}],"about":[{"href":"https:\/\/bekatec-baukasten.de\/04\/wp-json\/wp\/v2\/types\/page"}],"author":[{"embeddable":true,"href":"https:\/\/bekatec-baukasten.de\/04\/wp-json\/wp\/v2\/users\/1"}],"replies":[{"embeddable":true,"href":"https:\/\/bekatec-baukasten.de\/04\/wp-json\/wp\/v2\/comments?post=2"}],"version-history":[{"count":50,"href":"https:\/\/bekatec-baukasten.de\/04\/wp-json\/wp\/v2\/pages\/2\/revisions"}],"predecessor-version":[{"id":301,"href":"https:\/\/bekatec-baukasten.de\/04\/wp-json\/wp\/v2\/pages\/2\/revisions\/301"}],"wp:attachment":[{"href":"https:\/\/bekatec-baukasten.de\/04\/wp-json\/wp\/v2\/media?parent=2"}],"curies":[{"name":"wp","href":"https:\/\/api.w.org\/{rel}","templated":true}]}}