{"id":225,"date":"2021-10-04T11:33:24","date_gmt":"2021-10-04T09:33:24","guid":{"rendered":"https:\/\/bekatec-baukasten.de\/05\/?page_id=225"},"modified":"2022-05-17T14:12:00","modified_gmt":"2022-05-17T12:12:00","slug":"ueber-uns","status":"publish","type":"page","link":"https:\/\/bekatec-baukasten.de\/05\/ueber-uns\/","title":{"rendered":"\u00dcber uns"},"content":{"rendered":"\n<h2 class=\"has-text-align-center mb-md-3 mb-2 wp-block-heading\" id=\"lorem-ipsum-dolor-sit-amet\">Der Anfang von Girlz Rulez: R\u00e4ucherst\u00e4bchen und Rucks\u00e4cke<\/h2>\n\n\n\n<div class=\"wp-block-columns mt-lg-5 mt-md-4 mt-4 is-layout-flex wp-container-core-columns-is-layout-1 wp-block-columns-is-layout-flex\">\n<div class=\"wp-block-column is-layout-flow wp-block-column-is-layout-flow\">\n<p>Girlz Rulez sind Anna, Evangeline und Hannah.<\/p>\n\n\n\n<p>Kennengelernt haben wir uns beim Backpacking in \u00c4gypten. Chronischer Mangel an Bekleidung &#8211; &#8222;Hannah, hast Du f\u00fcr mich &#8230;&#8220; &#8222;Nein, Evi, das passte nicht in den Rucksack.&#8220; &#8211; trieb uns auf die M\u00e4rkte und Basare.<\/p>\n\n\n\n<p>\u00c4hnlicher Geschmack &#8211; &#8222;Anna! Das hab ich zuerst gesehen.&#8220; &#8222;Kommt nicht in die T\u00fcte! F\u00fcr das Teil hab ich Modell gestanden.&#8220; &#8222;Hast Du nicht!&#8220; &#8222;Guck, wie mir das passt &#8211; meinst Du, das sei Zufall?&#8220; &#8211; lie\u00df uns auf der Tour dar\u00fcber nachdenken, gemeinsam eine Boutique zu er\u00f6ffnen.<\/p>\n\n\n\n<p>Einig waren wie uns von Anfang an, unseren Fokus auf nachhaltige und fair gehandelte Produkte zu setzen. Die Spezialisierung auf Accessoires entstand in Gespr\u00e4chen mit Klein- und Familienbetrieben der \u00e4gyptischen Schmuck- und Kunstlederindustrie \u00fcber unsere geplante Gesch\u00e4ftsgr\u00fcndung in Deutschland.<\/p>\n\n\n\n<p>Damals gaben uns neue FreundInnen gute Ideen und Ratschl\u00e4ge mit auf den Weg, heute pflegen wir mit jenen FreundInnen dauerhafte Gesch\u00e4ftsbeziehungen.<\/p>\n<\/div>\n\n\n\n<div class=\"wp-block-column is-layout-flow wp-block-column-is-layout-flow\">\n<h3 class=\"wp-block-heading\">Das Team<\/h3>\n\n\n\n<p>Anna ist Wirtschaftswissenschaftlerin und war Werkstudentin in zwei gro\u00dfen Modeketten. Sie ist unsere Wirtschaftsweise und kaufm\u00e4nnische Leiterin von Girlz Rulez.<\/p>\n\n\n\n<p>Evangeline hat Grafikdesign studiert und war neben dem Studium Modezeichnerin. Evi ist unser kreativer Kopf und beobachtet f\u00fcr uns die aktuellen Modetrends, sodass wir unser Sortiment stimmig ausrichten k\u00f6nnen.<\/p>\n\n\n\n<p>Hannah ist Volljuristin mit Schwerpunkt Handelsrecht. Sie k\u00fcmmert sich um Vertr\u00e4ge mit unseren Lieferanten und um die Importabwicklung.<\/p>\n\n\n\n<p>Wir sind bekennende Fashion Victims. Jedes Produkt, das f\u00fcr unser Sortiment infrage kommt, probieren wir selbst aus. Ohne Praxistest kommt uns nichts in Haus.<\/p>\n<\/div>\n<\/div>\n\n\n\n<h2 class=\"mb-lg-5 mb-md-4 mb-4 wp-block-heading\">Unsere Mission<\/h2>\n\n\n\n<p>Wir f\u00fchren nachhaltige und fair gehandelte Produkte, die Dich nicht vor das Problem stellen, Dich zwischen woke und modisch entscheiden zu m\u00fcssen, sondern Dich beides miteinander verbinden lassen.<\/p>\n\n\n\n<p>Die Gesch\u00e4ftsleitung von Chanel kennen wir nicht pers\u00f6nlich, wegen Chanels Commitment zum Klimaschutz und dem Sitz innerhalb der EU gen\u00fcgen uns die branchen\u00fcblichen Bezugswege.<\/p>\n\n\n\n<p>Unsere anderen LieferantInnen kennen wir pers\u00f6nlich und kaufen von ihnen ohne Zwischenhandel. Der Preis, den Ihr zahlt, setzt sich aus dem Preis der HerstellerInnen, den Frachtkosten, Z\u00f6llen und Steuern sowie unserer Handelsspanne zusammen.<\/p>\n\n\n\n<p>Produkte, die Du von uns gekauft hast, f\u00fchren wir f\u00fcr Dich kostenlos dem Recycling zu.<\/p>\n","protected":false},"excerpt":{"rendered":"<p>Der Anfang von Girlz Rulez: R\u00e4ucherst\u00e4bchen und Rucks\u00e4cke Girlz Rulez sind Anna, Evangeline und Hannah. Kennengelernt haben wir uns beim Backpacking in \u00c4gypten. Chronischer Mangel an Bekleidung &#8211; &#8222;Hannah, hast Du f\u00fcr mich &#8230;&#8220; &#8222;Nein, Evi, das passte nicht in den Rucksack.&#8220; &#8211; trieb uns auf die M\u00e4rkte und Basare. \u00c4hnlicher Geschmack &#8211; &#8222;Anna! Das [&#8230;]<\/p>\n<p><a class=\"btn btn-secondary understrap-read-more-link\" href=\"https:\/\/bekatec-baukasten.de\/05\/ueber-uns\/\">Weiterlesen\u00a0\u2026<span class=\"screen-reader-text\"> from \u00dcber uns<\/span><\/a><\/p>\n","protected":false},"author":1,"featured_media":0,"parent":0,"menu_order":0,"comment_status":"closed","ping_status":"closed","template":"","meta":{"footnotes":""},"_links":{"self":[{"href":"https:\/\/bekatec-baukasten.de\/05\/wp-json\/wp\/v2\/pages\/225"}],"collection":[{"href":"https:\/\/bekatec-baukasten.de\/05\/wp-json\/wp\/v2\/pages"}],"about":[{"href":"https:\/\/bekatec-baukasten.de\/05\/wp-json\/wp\/v2\/types\/page"}],"author":[{"embeddable":true,"href":"https:\/\/bekatec-baukasten.de\/05\/wp-json\/wp\/v2\/users\/1"}],"replies":[{"embeddable":true,"href":"https:\/\/bekatec-baukasten.de\/05\/wp-json\/wp\/v2\/comments?post=225"}],"version-history":[{"count":15,"href":"https:\/\/bekatec-baukasten.de\/05\/wp-json\/wp\/v2\/pages\/225\/revisions"}],"predecessor-version":[{"id":606,"href":"https:\/\/bekatec-baukasten.de\/05\/wp-json\/wp\/v2\/pages\/225\/revisions\/606"}],"wp:attachment":[{"href":"https:\/\/bekatec-baukasten.de\/05\/wp-json\/wp\/v2\/media?parent=225"}],"curies":[{"name":"wp","href":"https:\/\/api.w.org\/{rel}","templated":true}]}}