{"id":2,"date":"2021-06-22T11:45:31","date_gmt":"2021-06-22T09:45:31","guid":{"rendered":"https:\/\/bekatec-baukasten.de\/09\/?page_id=2"},"modified":"2022-05-17T15:22:45","modified_gmt":"2022-05-17T13:22:45","slug":"beispiel-seite","status":"publish","type":"page","link":"https:\/\/bekatec-baukasten.de\/09\/","title":{"rendered":"Architekturb\u00fcro"},"content":{"rendered":"\n<h2 class=\"has-text-align-center wp-block-heading\" id=\"bekatec-website-baukasten-demo\">Lore Bramante &amp; Raffael Ipsum<\/h2>\n\n\n\n<p class=\"has-text-align-center\">&#8222;Kein Haus sollte jemals auf einem H\u00fcgel oder auf irgendetwas sein. Es sollte von dem H\u00fcgel und aus dem H\u00fcgel sein, zu ihm geh\u00f6ren.&#8220; (Frank Lloyd Wright, 1932, eigene \u00dcbersetzung) Das Architekturb\u00fcro Lore Bramante &amp; Raffael Ipsum steht f\u00fcr zeitlose Sch\u00f6nheit und Originalit\u00e4t in Verbindung mit hohem Nutzwert. Langj\u00e4hrige nationale und internationale Projekterfahrung, preisgekr\u00f6nte Entw\u00fcrfe und zufriedene Auftraggeber weltweit sind unsere Referenz.<\/p>\n\n\n\n<p class=\"has-text-align-center\">Wir entwerfen Wohnobjekte jeder Gr\u00f6\u00dfenordnung, von mehrgeschossigen Villen \u00fcber Habitate in Parklandschaften bis hin zu urbanen Wohnparks. F\u00fcr institutionelle Bautr\u00e4ger bieten wir Service von Planungsphase und Standortwahl \u00fcber die Baubegleitung bis zur \u00dcbergabe an die Betriebsgesellschaft.<\/p>\n\n\n\n<p class=\"has-text-align-center\">Unsere planerischen Bewerbungen auf \u00f6ffentliche Ausschreibungen f\u00fcr Gro\u00dfprojekte konnten sich gegen starke in- und ausl\u00e4ndische Konkurrenz durchsetzen, unsere Entw\u00fcrfe wurden mit nationalen und internationalen Architekturpreisen pr\u00e4miert.<\/p>\n\n\n\n<div class=\"wp-block-columns my-lg-5 my-md-4 my-3 is-layout-flex wp-container-core-columns-is-layout-1 wp-block-columns-is-layout-flex\">\n<div class=\"wp-block-column img-left is-layout-flow wp-block-column-is-layout-flow\">\n<figure class=\"wp-block-image size-full mb-0\"><img loading=\"lazy\" decoding=\"async\" width=\"1000\" height=\"445\" src=\"https:\/\/bekatec-baukasten.de\/09\/wp-content\/uploads\/sites\/12\/2022\/02\/expert_02.jpg\" alt=\"\" class=\"wp-image-380\" srcset=\"https:\/\/bekatec-baukasten.de\/09\/wp-content\/uploads\/sites\/12\/2022\/02\/expert_02.jpg 1000w, https:\/\/bekatec-baukasten.de\/09\/wp-content\/uploads\/sites\/12\/2022\/02\/expert_02-300x134.jpg 300w, https:\/\/bekatec-baukasten.de\/09\/wp-content\/uploads\/sites\/12\/2022\/02\/expert_02-768x342.jpg 768w\" sizes=\"(max-width: 1000px) 100vw, 1000px\" \/><\/figure>\n<\/div>\n\n\n\n<div class=\"wp-block-column img-right is-layout-flow wp-block-column-is-layout-flow\">\n<figure class=\"wp-block-image size-full mb-0\"><img loading=\"lazy\" decoding=\"async\" width=\"1000\" height=\"445\" src=\"https:\/\/bekatec-baukasten.de\/09\/wp-content\/uploads\/sites\/12\/2022\/02\/expert_03.jpg\" alt=\"\" class=\"wp-image-381\" srcset=\"https:\/\/bekatec-baukasten.de\/09\/wp-content\/uploads\/sites\/12\/2022\/02\/expert_03.jpg 1000w, https:\/\/bekatec-baukasten.de\/09\/wp-content\/uploads\/sites\/12\/2022\/02\/expert_03-300x134.jpg 300w, https:\/\/bekatec-baukasten.de\/09\/wp-content\/uploads\/sites\/12\/2022\/02\/expert_03-768x342.jpg 768w\" sizes=\"(max-width: 1000px) 100vw, 1000px\" \/><\/figure>\n<\/div>\n<\/div>\n\n\n\n<div class=\"wp-block-columns alignfull p-lg-5 p-md-4 p-3 mb-lg-5 mb-md-4 mb-3 has-black-background-color has-background is-layout-flex wp-container-core-columns-is-layout-2 wp-block-columns-is-layout-flex\">\n<div class=\"wp-block-column is-layout-flow wp-block-column-is-layout-flow\">\n<h2 class=\"has-text-align-center mb-3 has-white-color has-text-color wp-block-heading\" id=\"get-in-touch\">Get in touch!<\/h2>\n\n\n\n<ul class=\"wp-block-social-links has-large-icon-size has-icon-color mb-0 is-style-logos-only is-content-justification-center is-layout-flex wp-container-core-social-links-is-layout-1 wp-block-social-links-is-layout-flex\"><li style=\"color: #fff; \" class=\"wp-social-link wp-social-link-facebook has-white-color wp-block-social-link\"><a href=\"https:\/\/#\" class=\"wp-block-social-link-anchor\"><svg width=\"24\" height=\"24\" viewBox=\"0 0 24 24\" version=\"1.1\" xmlns=\"http:\/\/www.w3.org\/2000\/svg\" aria-hidden=\"true\" focusable=\"false\"><path d=\"M12 2C6.5 2 2 6.5 2 12c0 5 3.7 9.1 8.4 9.9v-7H7.9V12h2.5V9.8c0-2.5 1.5-3.9 3.8-3.9 1.1 0 2.2.2 2.2.2v2.5h-1.3c-1.2 0-1.6.8-1.6 1.6V12h2.8l-.4 2.9h-2.3v7C18.3 21.1 22 17 22 12c0-5.5-4.5-10-10-10z\"><\/path><\/svg><span class=\"wp-block-social-link-label screen-reader-text\">Facebook<\/span><\/a><\/li>\n\n<li style=\"color: #fff; \" class=\"wp-social-link wp-social-link-twitter has-white-color wp-block-social-link\"><a href=\"https:\/\/#\" class=\"wp-block-social-link-anchor\"><svg width=\"24\" height=\"24\" viewBox=\"0 0 24 24\" version=\"1.1\" xmlns=\"http:\/\/www.w3.org\/2000\/svg\" aria-hidden=\"true\" focusable=\"false\"><path d=\"M22.23,5.924c-0.736,0.326-1.527,0.547-2.357,0.646c0.847-0.508,1.498-1.312,1.804-2.27 c-0.793,0.47-1.671,0.812-2.606,0.996C18.324,4.498,17.257,4,16.077,4c-2.266,0-4.103,1.837-4.103,4.103 c0,0.322,0.036,0.635,0.106,0.935C8.67,8.867,5.647,7.234,3.623,4.751C3.27,5.357,3.067,6.062,3.067,6.814 c0,1.424,0.724,2.679,1.825,3.415c-0.673-0.021-1.305-0.206-1.859-0.513c0,0.017,0,0.034,0,0.052c0,1.988,1.414,3.647,3.292,4.023 c-0.344,0.094-0.707,0.144-1.081,0.144c-0.264,0-0.521-0.026-0.772-0.074c0.522,1.63,2.038,2.816,3.833,2.85 c-1.404,1.1-3.174,1.756-5.096,1.756c-0.331,0-0.658-0.019-0.979-0.057c1.816,1.164,3.973,1.843,6.29,1.843 c7.547,0,11.675-6.252,11.675-11.675c0-0.178-0.004-0.355-0.012-0.531C20.985,7.47,21.68,6.747,22.23,5.924z\"><\/path><\/svg><span class=\"wp-block-social-link-label screen-reader-text\">Twitter<\/span><\/a><\/li>\n\n<li style=\"color: #fff; \" class=\"wp-social-link wp-social-link-linkedin has-white-color wp-block-social-link\"><a href=\"https:\/\/#\" class=\"wp-block-social-link-anchor\"><svg width=\"24\" height=\"24\" viewBox=\"0 0 24 24\" version=\"1.1\" xmlns=\"http:\/\/www.w3.org\/2000\/svg\" aria-hidden=\"true\" focusable=\"false\"><path d=\"M19.7,3H4.3C3.582,3,3,3.582,3,4.3v15.4C3,20.418,3.582,21,4.3,21h15.4c0.718,0,1.3-0.582,1.3-1.3V4.3 C21,3.582,20.418,3,19.7,3z M8.339,18.338H5.667v-8.59h2.672V18.338z M7.004,8.574c-0.857,0-1.549-0.694-1.549-1.548 c0-0.855,0.691-1.548,1.549-1.548c0.854,0,1.547,0.694,1.547,1.548C8.551,7.881,7.858,8.574,7.004,8.574z M18.339,18.338h-2.669 v-4.177c0-0.996-0.017-2.278-1.387-2.278c-1.389,0-1.601,1.086-1.601,2.206v4.249h-2.667v-8.59h2.559v1.174h0.037 c0.356-0.675,1.227-1.387,2.526-1.387c2.703,0,3.203,1.779,3.203,4.092V18.338z\"><\/path><\/svg><span class=\"wp-block-social-link-label screen-reader-text\">LinkedIn<\/span><\/a><\/li>\n\n<li style=\"color: #fff; \" class=\"wp-social-link wp-social-link-tiktok has-white-color wp-block-social-link\"><a href=\"https:\/\/#\" class=\"wp-block-social-link-anchor\"><svg width=\"24\" height=\"24\" viewBox=\"0 0 32 32\" version=\"1.1\" xmlns=\"http:\/\/www.w3.org\/2000\/svg\" aria-hidden=\"true\" focusable=\"false\"><path d=\"M16.708 0.027c1.745-0.027 3.48-0.011 5.213-0.027 0.105 2.041 0.839 4.12 2.333 5.563 1.491 1.479 3.6 2.156 5.652 2.385v5.369c-1.923-0.063-3.855-0.463-5.6-1.291-0.76-0.344-1.468-0.787-2.161-1.24-0.009 3.896 0.016 7.787-0.025 11.667-0.104 1.864-0.719 3.719-1.803 5.255-1.744 2.557-4.771 4.224-7.88 4.276-1.907 0.109-3.812-0.411-5.437-1.369-2.693-1.588-4.588-4.495-4.864-7.615-0.032-0.667-0.043-1.333-0.016-1.984 0.24-2.537 1.495-4.964 3.443-6.615 2.208-1.923 5.301-2.839 8.197-2.297 0.027 1.975-0.052 3.948-0.052 5.923-1.323-0.428-2.869-0.308-4.025 0.495-0.844 0.547-1.485 1.385-1.819 2.333-0.276 0.676-0.197 1.427-0.181 2.145 0.317 2.188 2.421 4.027 4.667 3.828 1.489-0.016 2.916-0.88 3.692-2.145 0.251-0.443 0.532-0.896 0.547-1.417 0.131-2.385 0.079-4.76 0.095-7.145 0.011-5.375-0.016-10.735 0.025-16.093z\" \/><\/svg><span class=\"wp-block-social-link-label screen-reader-text\">TikTok<\/span><\/a><\/li>\n\n<li style=\"color: #fff; \" class=\"wp-social-link wp-social-link-skype has-white-color wp-block-social-link\"><a href=\"https:\/\/#\" class=\"wp-block-social-link-anchor\"><svg width=\"24\" height=\"24\" viewBox=\"0 0 24 24\" version=\"1.1\" xmlns=\"http:\/\/www.w3.org\/2000\/svg\" aria-hidden=\"true\" focusable=\"false\"><path d=\"M10.113,2.699c0.033-0.006,0.067-0.013,0.1-0.02c0.033,0.017,0.066,0.033,0.098,0.051L10.113,2.699z M2.72,10.223 c-0.006,0.034-0.011,0.069-0.017,0.103c0.018,0.032,0.033,0.064,0.051,0.095L2.72,10.223z M21.275,13.771 c0.007-0.035,0.011-0.071,0.018-0.106c-0.018-0.031-0.033-0.064-0.052-0.095L21.275,13.771z M13.563,21.199 c0.032,0.019,0.065,0.035,0.096,0.053c0.036-0.006,0.071-0.011,0.105-0.017L13.563,21.199z M22,16.386 c0,1.494-0.581,2.898-1.637,3.953c-1.056,1.057-2.459,1.637-3.953,1.637c-0.967,0-1.914-0.251-2.75-0.725 c0.036-0.006,0.071-0.011,0.105-0.017l-0.202-0.035c0.032,0.019,0.065,0.035,0.096,0.053c-0.543,0.096-1.099,0.147-1.654,0.147 c-1.275,0-2.512-0.25-3.676-0.743c-1.125-0.474-2.135-1.156-3.002-2.023c-0.867-0.867-1.548-1.877-2.023-3.002 c-0.493-1.164-0.743-2.401-0.743-3.676c0-0.546,0.049-1.093,0.142-1.628c0.018,0.032,0.033,0.064,0.051,0.095L2.72,10.223 c-0.006,0.034-0.011,0.069-0.017,0.103C2.244,9.5,2,8.566,2,7.615c0-1.493,0.582-2.898,1.637-3.953 c1.056-1.056,2.46-1.638,3.953-1.638c0.915,0,1.818,0.228,2.622,0.655c-0.033,0.007-0.067,0.013-0.1,0.02l0.199,0.031 c-0.032-0.018-0.066-0.034-0.098-0.051c0.002,0,0.003-0.001,0.004-0.001c0.586-0.112,1.187-0.169,1.788-0.169 c1.275,0,2.512,0.249,3.676,0.742c1.124,0.476,2.135,1.156,3.002,2.024c0.868,0.867,1.548,1.877,2.024,3.002 c0.493,1.164,0.743,2.401,0.743,3.676c0,0.575-0.054,1.15-0.157,1.712c-0.018-0.031-0.033-0.064-0.052-0.095l0.034,0.201 c0.007-0.035,0.011-0.071,0.018-0.106C21.754,14.494,22,15.432,22,16.386z M16.817,14.138c0-1.331-0.613-2.743-3.033-3.282 l-2.209-0.49c-0.84-0.192-1.807-0.444-1.807-1.237c0-0.794,0.679-1.348,1.903-1.348c2.468,0,2.243,1.696,3.468,1.696 c0.645,0,1.209-0.379,1.209-1.031c0-1.521-2.435-2.663-4.5-2.663c-2.242,0-4.63,0.952-4.63,3.488c0,1.221,0.436,2.521,2.839,3.123 l2.984,0.745c0.903,0.223,1.129,0.731,1.129,1.189c0,0.762-0.758,1.507-2.129,1.507c-2.679,0-2.307-2.062-3.743-2.062 c-0.645,0-1.113,0.444-1.113,1.078c0,1.236,1.501,2.886,4.856,2.886C15.236,17.737,16.817,16.199,16.817,14.138z\"><\/path><\/svg><span class=\"wp-block-social-link-label screen-reader-text\">Skype<\/span><\/a><\/li>\n\n<li style=\"color: #fff; \" class=\"wp-social-link wp-social-link-youtube has-white-color wp-block-social-link\"><a href=\"https:\/\/#\" class=\"wp-block-social-link-anchor\"><svg width=\"24\" height=\"24\" viewBox=\"0 0 24 24\" version=\"1.1\" xmlns=\"http:\/\/www.w3.org\/2000\/svg\" aria-hidden=\"true\" focusable=\"false\"><path d=\"M21.8,8.001c0,0-0.195-1.378-0.795-1.985c-0.76-0.797-1.613-0.801-2.004-0.847c-2.799-0.202-6.997-0.202-6.997-0.202 h-0.009c0,0-4.198,0-6.997,0.202C4.608,5.216,3.756,5.22,2.995,6.016C2.395,6.623,2.2,8.001,2.2,8.001S2,9.62,2,11.238v1.517 c0,1.618,0.2,3.237,0.2,3.237s0.195,1.378,0.795,1.985c0.761,0.797,1.76,0.771,2.205,0.855c1.6,0.153,6.8,0.201,6.8,0.201 s4.203-0.006,7.001-0.209c0.391-0.047,1.243-0.051,2.004-0.847c0.6-0.607,0.795-1.985,0.795-1.985s0.2-1.618,0.2-3.237v-1.517 C22,9.62,21.8,8.001,21.8,8.001z M9.935,14.594l-0.001-5.62l5.404,2.82L9.935,14.594z\"><\/path><\/svg><span class=\"wp-block-social-link-label screen-reader-text\">YouTube<\/span><\/a><\/li><\/ul>\n<\/div>\n<\/div>\n\n\n\n<div class=\"wp-block-columns is-layout-flex wp-container-core-columns-is-layout-3 wp-block-columns-is-layout-flex\">\n<div class=\"wp-block-column is-layout-flow wp-block-column-is-layout-flow\">\n<p class=\"has-text-align-left\">&#8222;Architektur ist das kunstvolle, korrekte und gro\u00dfartige Spiel der unter dem Licht versammelten Bauk\u00f6rper&#8220;, schrieb Le Corbusier 1922 in &#8222;Ausblick auf eine Architektur&#8220;.<\/p>\n\n\n\n<p class=\"has-text-align-left\">Le Corbusiers Leitbild unserer Kunst f\u00fchlen wir uns zutiefst verpflichtet. Unsere Entw\u00fcrfe sollen den Test der Zeit und die Moden \u00fcberdauern. Sie zielen darauf ab, bleibende gestalterische Werte zu schaffen.<\/p>\n<\/div>\n\n\n\n<div class=\"wp-block-column is-layout-flow wp-block-column-is-layout-flow\">\n<p class=\"has-text-align-left\">Die qualifizierte Betreuung von Bauvorhaben bereits w\u00e4hrend der Standortwahl ist uns ein Anliegen und wird von unseren Auftraggebern als eines unserer Alleinstellungsmerkmale lobend hervorgehoben.<\/p>\n\n\n\n<p class=\"has-text-align-left\">Rufen Sie uns noch heute an, um ein pers\u00f6nliches Beratungsgespr\u00e4ch zur fr\u00fchzeitigen Planung und Projektierung Ihres Bauvorhabens zu vereinbaren!<\/p>\n<\/div>\n<\/div>\n","protected":false},"excerpt":{"rendered":"<p>Lore Bramante &amp; Raffael Ipsum &#8222;Kein Haus sollte jemals auf einem H\u00fcgel oder auf irgendetwas sein. Es sollte von dem H\u00fcgel und aus dem H\u00fcgel sein, zu ihm geh\u00f6ren.&#8220; (Frank Lloyd Wright, 1932, eigene \u00dcbersetzung) Das Architekturb\u00fcro Lore Bramante &amp; Raffael Ipsum steht f\u00fcr zeitlose Sch\u00f6nheit und Originalit\u00e4t in Verbindung mit hohem Nutzwert. Langj\u00e4hrige nationale [&#8230;]<\/p>\n<p><a class=\"btn btn-secondary understrap-read-more-link\" href=\"https:\/\/bekatec-baukasten.de\/09\/\">Weiterlesen\u00a0\u2026<span class=\"screen-reader-text\"> from Architekturb\u00fcro<\/span><\/a><\/p>\n","protected":false},"author":1,"featured_media":0,"parent":0,"menu_order":0,"comment_status":"closed","ping_status":"open","template":"","meta":{"footnotes":""},"_links":{"self":[{"href":"https:\/\/bekatec-baukasten.de\/09\/wp-json\/wp\/v2\/pages\/2"}],"collection":[{"href":"https:\/\/bekatec-baukasten.de\/09\/wp-json\/wp\/v2\/pages"}],"about":[{"href":"https:\/\/bekatec-baukasten.de\/09\/wp-json\/wp\/v2\/types\/page"}],"author":[{"embeddable":true,"href":"https:\/\/bekatec-baukasten.de\/09\/wp-json\/wp\/v2\/users\/1"}],"replies":[{"embeddable":true,"href":"https:\/\/bekatec-baukasten.de\/09\/wp-json\/wp\/v2\/comments?post=2"}],"version-history":[{"count":58,"href":"https:\/\/bekatec-baukasten.de\/09\/wp-json\/wp\/v2\/pages\/2\/revisions"}],"predecessor-version":[{"id":451,"href":"https:\/\/bekatec-baukasten.de\/09\/wp-json\/wp\/v2\/pages\/2\/revisions\/451"}],"wp:attachment":[{"href":"https:\/\/bekatec-baukasten.de\/09\/wp-json\/wp\/v2\/media?parent=2"}],"curies":[{"name":"wp","href":"https:\/\/api.w.org\/{rel}","templated":true}]}}