{"id":142,"date":"2021-10-04T12:04:16","date_gmt":"2021-10-04T10:04:16","guid":{"rendered":"https:\/\/bekatec-baukasten.de\/12\/?page_id=142"},"modified":"2022-05-17T15:59:30","modified_gmt":"2022-05-17T13:59:30","slug":"uber-mich","status":"publish","type":"page","link":"https:\/\/bekatec-baukasten.de\/12\/uber-mich\/","title":{"rendered":"\u00dcber mich"},"content":{"rendered":"\n<div class=\"wp-block-columns mt-lg-5 mt-md-4 mt-3 is-layout-flex wp-container-core-columns-is-layout-1 wp-block-columns-is-layout-flex\">\n<div class=\"wp-block-column is-layout-flow wp-block-column-is-layout-flow\">\n<p>Ein D\u00fcsseldorfer Originalerzeugnis des Jahres 1977. Ich wuchs in der Kielwelle der Jungen Wilden auf. Halbw\u00fcchsig begl\u00fcckte ich meine Eltern, beide Architekten und sich gro\u00dfz\u00fcgiger Formensprache verpflichtet f\u00fchlend, Anfang der 1990er Jahre mit kleinteiliger, nerv\u00f6ser Objektkunst und kreischend-lauten Happenings der Marke Dada. Was f\u00fcr mich eine Exilierung zu Verwandten nach New York City nach sich zog. Der Einfluss der dortigen Kunstszene machte meine k\u00fcnstlerischen Gehversuche nicht minder kreischend und dada, ich kreischte fortan in Grundfarben und fotografisch in schwarzwei\u00df. Zum Ende meiner Zeit auf der High School stellte ich mich zusammen mit anderen &#8222;Seniors&#8220; &#8211; Zw\u00f6lftkl\u00e4sslern &#8211; im Rahmen einer Ausstellung der Schule einem kritischen Publikum. Meine Objekte fielen durch, meine Schwarz-Wei\u00df-Fotografien fanden Anklang, zwei sogar Erw\u00e4hnung im Feuilleton der Sonntagsausgabe der New York Times.<\/p>\n\n\n\n<p>Den ersten kleinen k\u00fcnstlerischen Erfolg in der Tasche, traute ich mich nach Ende der High School, k\u00fcnstlerisch nicht zur\u00fcck in D\u00fcsseldorf angekommen, mich an der Kunstakademie D\u00fcsseldorf zu bewerben. Film und Fotografie wurde es, in 2004 schloss ich das Studium ab und ging als Kameramann und Fotograf zur\u00fcck in die USA. Es folgten drei Jahre mit Jobs beim Film und auf Events der Modebranche in Los Angeles und Miami.<\/p>\n\n\n\n<p>Neben dem Studium hatte ich einem D\u00fcsseldorfer Fotostudio gearbeitet, war dort Laufbursche und angelernter Fotolaborant, sp\u00e4ter Portr\u00e4tfotograf. Anno 2007 wurde mir angeboten, das Studio zu \u00fcbernehmen. Ich \u00fcberlegte nicht lange und brach meine Zelte in den USA ab. Die ersten Gro\u00dfauftr\u00e4ge f\u00fcr das Studio Max Hartlicht kamen \u00fcber meine Kontakte aus der Modebranche zustande, mein Team und ich pendelten zwischen D\u00fcsseldorf und Paris, filmten Modeschauen und produzierten Stills.<\/p>\n\n\n\n<p>Im Studio produzierten wir Sedcards f\u00fcr Models und Modelagenturen, der von mir ab der \u00dcbernahme des Studios gesetzte Fokus auf Portr\u00e4t, Akt und Schwarzwei\u00df half uns bei der Etablierung im B2B-Segment Modeling.<\/p>\n\n\n\n<p>K\u00fcnstlerisch sehe ich mich von Man Ray, Henri Cartier-Bresson, Robert Mapplethorpe und Helmut Newton beeinflusst. Der Fokus auf Portr\u00e4t und Akt folgt der Tradition der k\u00fcnstlerischen Darstellung des menschlichen Gesichts und des nackten menschlichen K\u00f6rpers, einer Tradition, die alt wie die Kunst selbst ist.<\/p>\n\n\n\n<p>Portr\u00e4t und Akt waren an den Wendepunkten der Kunst pr\u00e4sent. Leonardo da Vincis &#8222;Mona Lisa&#8220; ist ein Portr\u00e4t, Michelangelo Buonarrotis &#8222;David&#8220; eine Aktplastik. Francisco des Goyas Portr\u00e4ts und der Akt &#8222;La maja desnuda&#8220; stie\u00dfen den europ\u00e4ischen Realismus an. Manets Akt &#8222;Olympia&#8220; l\u00f6ste 1865 einen Skandal und folgend eine Befreiung der Kunst aus, Pablo Picassos Frauenakt &#8222;Les Demoiselles d&#8217;Avignon&#8220; l\u00e4utete den Kubismus ein. Ernst Ludwig Kirchners expressionistische Portr\u00e4ts und Akte dominierten die Bilderwelt der 1920er Jahre &#8211; diese Chronologie lie\u00dfe sich in beide Richtungen erweitern.<\/p>\n\n\n\n<p>Die Fotografie ist eine historisch junge Kunstform, die sich an der Tradition der anderen bildenden K\u00fcnste messen lassen muss. Dieser Herausforderung stellt sich das Fotostudio Max Hartlicht.<\/p>\n<\/div>\n\n\n\n<div class=\"wp-block-column is-layout-flow wp-block-column-is-layout-flow\" style=\"flex-basis:30%\">\n<figure class=\"wp-block-image size-full\"><img loading=\"lazy\" decoding=\"async\" width=\"668\" height=\"1000\" src=\"https:\/\/bekatec-baukasten.de\/12\/wp-content\/uploads\/sites\/15\/2022\/02\/Fotograf17.jpg\" alt=\"\" class=\"wp-image-406\" srcset=\"https:\/\/bekatec-baukasten.de\/12\/wp-content\/uploads\/sites\/15\/2022\/02\/Fotograf17.jpg 668w, https:\/\/bekatec-baukasten.de\/12\/wp-content\/uploads\/sites\/15\/2022\/02\/Fotograf17-200x300.jpg 200w\" sizes=\"(max-width: 668px) 100vw, 668px\" \/><\/figure>\n<\/div>\n<\/div>\n","protected":false},"excerpt":{"rendered":"<p>Ein D\u00fcsseldorfer Originalerzeugnis des Jahres 1977. Ich wuchs in der Kielwelle der Jungen Wilden auf. Halbw\u00fcchsig begl\u00fcckte ich meine Eltern, beide Architekten und sich gro\u00dfz\u00fcgiger Formensprache verpflichtet f\u00fchlend, Anfang der 1990er Jahre mit kleinteiliger, nerv\u00f6ser Objektkunst und kreischend-lauten Happenings der Marke Dada. Was f\u00fcr mich eine Exilierung zu Verwandten nach New York City nach sich [&#8230;]<\/p>\n<p><a class=\"btn btn-secondary understrap-read-more-link\" href=\"https:\/\/bekatec-baukasten.de\/12\/uber-mich\/\">Weiterlesen\u00a0\u2026<span class=\"screen-reader-text\"> from \u00dcber mich<\/span><\/a><\/p>\n","protected":false},"author":1,"featured_media":0,"parent":0,"menu_order":0,"comment_status":"closed","ping_status":"closed","template":"","meta":{"footnotes":""},"_links":{"self":[{"href":"https:\/\/bekatec-baukasten.de\/12\/wp-json\/wp\/v2\/pages\/142"}],"collection":[{"href":"https:\/\/bekatec-baukasten.de\/12\/wp-json\/wp\/v2\/pages"}],"about":[{"href":"https:\/\/bekatec-baukasten.de\/12\/wp-json\/wp\/v2\/types\/page"}],"author":[{"embeddable":true,"href":"https:\/\/bekatec-baukasten.de\/12\/wp-json\/wp\/v2\/users\/1"}],"replies":[{"embeddable":true,"href":"https:\/\/bekatec-baukasten.de\/12\/wp-json\/wp\/v2\/comments?post=142"}],"version-history":[{"count":28,"href":"https:\/\/bekatec-baukasten.de\/12\/wp-json\/wp\/v2\/pages\/142\/revisions"}],"predecessor-version":[{"id":424,"href":"https:\/\/bekatec-baukasten.de\/12\/wp-json\/wp\/v2\/pages\/142\/revisions\/424"}],"wp:attachment":[{"href":"https:\/\/bekatec-baukasten.de\/12\/wp-json\/wp\/v2\/media?parent=142"}],"curies":[{"name":"wp","href":"https:\/\/api.w.org\/{rel}","templated":true}]}}