{"id":2,"date":"2021-06-22T11:45:31","date_gmt":"2021-06-22T09:45:31","guid":{"rendered":"https:\/\/bekatec-baukasten.de\/12\/?page_id=2"},"modified":"2022-05-17T15:58:51","modified_gmt":"2022-05-17T13:58:51","slug":"beispiel-seite","status":"publish","type":"page","link":"https:\/\/bekatec-baukasten.de\/12\/","title":{"rendered":"Max Hartlicht"},"content":{"rendered":"\n<h2 class=\"has-text-align-center wp-block-heading\" id=\"bekatec-website-baukasten-demo\">D\u00fcsseldorfer Fotostudio f\u00fcr Portrait und Akt<\/h2>\n\n\n\n<p>Die k\u00fcnstlerische Darstellung des menschlichen Gesichts und des nackten menschlichen K\u00f6rpers ist f\u00fcr uns die treibende Kraft der Kunst. Seit 15 Jahren bieten wir in unserem Studio in der D\u00fcsseldorfer Altstadt unseren Kunden professionelle Beratung und Ausf\u00fchrung ihrer Fotoprojekte aus den Bereichen Portrait, Akt und Nude-Look.<\/p>\n\n\n\n<p>Wir fotografieren Sie in unserem Studio, im studioeigenen Freiareal und an von Ihnen gew\u00e4hlten Locations. Unser Portfolio umfasst Sedcards f\u00fcr female, transgender und male Models, Cover Shoots sowie Portr\u00e4t und Akt f\u00fcr private Ausstellung und Ver\u00f6ffentlichung auf Social Media. Schwerpunkt unseres Schaffens bildet k\u00fcnstlerische Schwarz-Wei\u00df Fotografie.<\/p>\n\n\n\n<div class=\"wp-block-columns alignfull mt-lg-5 mt-md-4 mt-3 is-layout-flex wp-container-core-columns-is-layout-1 wp-block-columns-is-layout-flex\">\n<div class=\"wp-block-column m-0 is-layout-flow wp-block-column-is-layout-flow\">\n<figure class=\"wp-block-image size-full mb-0\"><img loading=\"lazy\" decoding=\"async\" width=\"668\" height=\"1000\" src=\"https:\/\/bekatec-baukasten.de\/12\/wp-content\/uploads\/sites\/15\/2022\/02\/Fotograf15.jpg\" alt=\"\" class=\"wp-image-392\" srcset=\"https:\/\/bekatec-baukasten.de\/12\/wp-content\/uploads\/sites\/15\/2022\/02\/Fotograf15.jpg 668w, https:\/\/bekatec-baukasten.de\/12\/wp-content\/uploads\/sites\/15\/2022\/02\/Fotograf15-200x300.jpg 200w\" sizes=\"(max-width: 668px) 100vw, 668px\" \/><\/figure>\n<\/div>\n\n\n\n<div class=\"wp-block-column m-0 is-layout-flow wp-block-column-is-layout-flow\">\n<figure class=\"wp-block-image size-full m-0\"><img loading=\"lazy\" decoding=\"async\" width=\"668\" height=\"1000\" src=\"https:\/\/bekatec-baukasten.de\/12\/wp-content\/uploads\/sites\/15\/2022\/02\/Fotograf14.jpg\" alt=\"\" class=\"wp-image-391\" srcset=\"https:\/\/bekatec-baukasten.de\/12\/wp-content\/uploads\/sites\/15\/2022\/02\/Fotograf14.jpg 668w, https:\/\/bekatec-baukasten.de\/12\/wp-content\/uploads\/sites\/15\/2022\/02\/Fotograf14-200x300.jpg 200w\" sizes=\"(max-width: 668px) 100vw, 668px\" \/><\/figure>\n<\/div>\n\n\n\n<div class=\"wp-block-column m-0 is-layout-flow wp-block-column-is-layout-flow\">\n<figure class=\"wp-block-image size-full m-0\"><img loading=\"lazy\" decoding=\"async\" width=\"668\" height=\"1000\" src=\"https:\/\/bekatec-baukasten.de\/12\/wp-content\/uploads\/sites\/15\/2022\/02\/Fotograf10.jpg\" alt=\"\" class=\"wp-image-387\" srcset=\"https:\/\/bekatec-baukasten.de\/12\/wp-content\/uploads\/sites\/15\/2022\/02\/Fotograf10.jpg 668w, https:\/\/bekatec-baukasten.de\/12\/wp-content\/uploads\/sites\/15\/2022\/02\/Fotograf10-200x300.jpg 200w\" sizes=\"(max-width: 668px) 100vw, 668px\" \/><\/figure>\n<\/div>\n\n\n\n<div class=\"wp-block-column m-0 is-layout-flow wp-block-column-is-layout-flow\">\n<figure class=\"wp-block-image size-full m-0\"><img loading=\"lazy\" decoding=\"async\" width=\"668\" height=\"1000\" src=\"https:\/\/bekatec-baukasten.de\/12\/wp-content\/uploads\/sites\/15\/2022\/02\/Fotograf08.jpg\" alt=\"\" class=\"wp-image-385\" srcset=\"https:\/\/bekatec-baukasten.de\/12\/wp-content\/uploads\/sites\/15\/2022\/02\/Fotograf08.jpg 668w, https:\/\/bekatec-baukasten.de\/12\/wp-content\/uploads\/sites\/15\/2022\/02\/Fotograf08-200x300.jpg 200w\" sizes=\"(max-width: 668px) 100vw, 668px\" \/><\/figure>\n<\/div>\n<\/div>\n\n\n\n<div class=\"wp-block-columns alignfull is-layout-flex wp-container-core-columns-is-layout-2 wp-block-columns-is-layout-flex\">\n<div class=\"wp-block-column m-0 is-layout-flow wp-block-column-is-layout-flow\">\n<figure class=\"wp-block-image size-full mb-0\"><img loading=\"lazy\" decoding=\"async\" width=\"668\" height=\"1000\" src=\"https:\/\/bekatec-baukasten.de\/12\/wp-content\/uploads\/sites\/15\/2022\/02\/Fotograf11.jpg\" alt=\"\" class=\"wp-image-388\" srcset=\"https:\/\/bekatec-baukasten.de\/12\/wp-content\/uploads\/sites\/15\/2022\/02\/Fotograf11.jpg 668w, https:\/\/bekatec-baukasten.de\/12\/wp-content\/uploads\/sites\/15\/2022\/02\/Fotograf11-200x300.jpg 200w\" sizes=\"(max-width: 668px) 100vw, 668px\" \/><\/figure>\n<\/div>\n\n\n\n<div class=\"wp-block-column m-0 is-layout-flow wp-block-column-is-layout-flow\">\n<figure class=\"wp-block-image size-full m-0\"><img loading=\"lazy\" decoding=\"async\" width=\"668\" height=\"1000\" src=\"https:\/\/bekatec-baukasten.de\/12\/wp-content\/uploads\/sites\/15\/2022\/02\/Fotograf16.jpg\" alt=\"\" class=\"wp-image-393\" srcset=\"https:\/\/bekatec-baukasten.de\/12\/wp-content\/uploads\/sites\/15\/2022\/02\/Fotograf16.jpg 668w, https:\/\/bekatec-baukasten.de\/12\/wp-content\/uploads\/sites\/15\/2022\/02\/Fotograf16-200x300.jpg 200w\" sizes=\"(max-width: 668px) 100vw, 668px\" \/><\/figure>\n<\/div>\n\n\n\n<div class=\"wp-block-column m-0 is-layout-flow wp-block-column-is-layout-flow\">\n<figure class=\"wp-block-image size-full m-0\"><img loading=\"lazy\" decoding=\"async\" width=\"668\" height=\"1000\" src=\"https:\/\/bekatec-baukasten.de\/12\/wp-content\/uploads\/sites\/15\/2022\/02\/Fotograf06.jpg\" alt=\"\" class=\"wp-image-383\" srcset=\"https:\/\/bekatec-baukasten.de\/12\/wp-content\/uploads\/sites\/15\/2022\/02\/Fotograf06.jpg 668w, https:\/\/bekatec-baukasten.de\/12\/wp-content\/uploads\/sites\/15\/2022\/02\/Fotograf06-200x300.jpg 200w\" sizes=\"(max-width: 668px) 100vw, 668px\" \/><\/figure>\n<\/div>\n\n\n\n<div class=\"wp-block-column m-0 is-layout-flow wp-block-column-is-layout-flow\">\n<figure class=\"wp-block-image size-full m-0\"><img loading=\"lazy\" decoding=\"async\" width=\"668\" height=\"1000\" src=\"https:\/\/bekatec-baukasten.de\/12\/wp-content\/uploads\/sites\/15\/2022\/02\/Fotograf13.jpg\" alt=\"\" class=\"wp-image-390\" srcset=\"https:\/\/bekatec-baukasten.de\/12\/wp-content\/uploads\/sites\/15\/2022\/02\/Fotograf13.jpg 668w, https:\/\/bekatec-baukasten.de\/12\/wp-content\/uploads\/sites\/15\/2022\/02\/Fotograf13-200x300.jpg 200w\" sizes=\"(max-width: 668px) 100vw, 668px\" \/><\/figure>\n<\/div>\n<\/div>\n","protected":false},"excerpt":{"rendered":"<p>D\u00fcsseldorfer Fotostudio f\u00fcr Portrait und Akt Die k\u00fcnstlerische Darstellung des menschlichen Gesichts und des nackten menschlichen K\u00f6rpers ist f\u00fcr uns die treibende Kraft der Kunst. Seit 15 Jahren bieten wir in unserem Studio in der D\u00fcsseldorfer Altstadt unseren Kunden professionelle Beratung und Ausf\u00fchrung ihrer Fotoprojekte aus den Bereichen Portrait, Akt und Nude-Look. Wir fotografieren Sie [&#8230;]<\/p>\n<p><a class=\"btn btn-secondary understrap-read-more-link\" href=\"https:\/\/bekatec-baukasten.de\/12\/\">Weiterlesen\u00a0\u2026<span class=\"screen-reader-text\"> from Max Hartlicht<\/span><\/a><\/p>\n","protected":false},"author":1,"featured_media":0,"parent":0,"menu_order":0,"comment_status":"closed","ping_status":"open","template":"","meta":{"footnotes":""},"_links":{"self":[{"href":"https:\/\/bekatec-baukasten.de\/12\/wp-json\/wp\/v2\/pages\/2"}],"collection":[{"href":"https:\/\/bekatec-baukasten.de\/12\/wp-json\/wp\/v2\/pages"}],"about":[{"href":"https:\/\/bekatec-baukasten.de\/12\/wp-json\/wp\/v2\/types\/page"}],"author":[{"embeddable":true,"href":"https:\/\/bekatec-baukasten.de\/12\/wp-json\/wp\/v2\/users\/1"}],"replies":[{"embeddable":true,"href":"https:\/\/bekatec-baukasten.de\/12\/wp-json\/wp\/v2\/comments?post=2"}],"version-history":[{"count":40,"href":"https:\/\/bekatec-baukasten.de\/12\/wp-json\/wp\/v2\/pages\/2\/revisions"}],"predecessor-version":[{"id":422,"href":"https:\/\/bekatec-baukasten.de\/12\/wp-json\/wp\/v2\/pages\/2\/revisions\/422"}],"wp:attachment":[{"href":"https:\/\/bekatec-baukasten.de\/12\/wp-json\/wp\/v2\/media?parent=2"}],"curies":[{"name":"wp","href":"https:\/\/api.w.org\/{rel}","templated":true}]}}