{"id":221,"date":"2021-10-04T14:13:27","date_gmt":"2021-10-04T12:13:27","guid":{"rendered":"https:\/\/bekatec-baukasten.de\/12\/?page_id=221"},"modified":"2022-05-17T15:59:39","modified_gmt":"2022-05-17T13:59:39","slug":"galerie","status":"publish","type":"page","link":"https:\/\/bekatec-baukasten.de\/12\/galerie\/","title":{"rendered":"Galerie"},"content":{"rendered":"\n<p class=\"container mt-4\">Unsere Portr\u00e4ts, Teil- und Ganzk\u00f6rperakte entstehen in einer technischen Infrastruktur und mit einem professionellen Personalstab, bew\u00e4hrt im harten B2B-Gesch\u00e4ft mit Modelagenturen. Zwei Visagistinnen sind im Fotostudio Max Hartlicht fest angestellt. Wir bieten Kundinnen an, dass f\u00fcr Aktaufnahmen nur Ablauf, Set und Beleuchtung von Art Director und Inhaber Max Hartlicht selbst geplant werden und die folgende Produktion von weiblichen Mitgliedern unseres Teams durchgef\u00fchrt wird und\/oder Post-Produktion und Retusche von Aktaufnahmen unserer Kundinnen weiblichen Mitgliedern unseres Teams obliegt.<\/p>\n\n\n\n<figure class=\"wp-block-gallery has-nested-images columns-default is-cropped mt-5 container bkgallery wp-block-gallery-1 is-layout-flex wp-block-gallery-is-layout-flex\">\n<figure class=\"wp-block-image size-large\"><img loading=\"lazy\" decoding=\"async\" width=\"668\" height=\"1000\" data-id=\"392\" src=\"https:\/\/bekatec-baukasten.de\/12\/wp-content\/uploads\/sites\/15\/2022\/02\/Fotograf15.jpg\" alt=\"\" class=\"wp-image-392\" srcset=\"https:\/\/bekatec-baukasten.de\/12\/wp-content\/uploads\/sites\/15\/2022\/02\/Fotograf15.jpg 668w, https:\/\/bekatec-baukasten.de\/12\/wp-content\/uploads\/sites\/15\/2022\/02\/Fotograf15-200x300.jpg 200w\" sizes=\"(max-width: 668px) 100vw, 668px\" \/><\/figure>\n\n\n\n<figure class=\"wp-block-image size-large\"><img loading=\"lazy\" decoding=\"async\" width=\"668\" height=\"1000\" data-id=\"393\" src=\"https:\/\/bekatec-baukasten.de\/12\/wp-content\/uploads\/sites\/15\/2022\/02\/Fotograf16.jpg\" alt=\"\" class=\"wp-image-393\" srcset=\"https:\/\/bekatec-baukasten.de\/12\/wp-content\/uploads\/sites\/15\/2022\/02\/Fotograf16.jpg 668w, https:\/\/bekatec-baukasten.de\/12\/wp-content\/uploads\/sites\/15\/2022\/02\/Fotograf16-200x300.jpg 200w\" sizes=\"(max-width: 668px) 100vw, 668px\" \/><\/figure>\n\n\n\n<figure class=\"wp-block-image size-large\"><img loading=\"lazy\" decoding=\"async\" width=\"668\" height=\"1000\" data-id=\"391\" src=\"https:\/\/bekatec-baukasten.de\/12\/wp-content\/uploads\/sites\/15\/2022\/02\/Fotograf14.jpg\" alt=\"\" class=\"wp-image-391\" srcset=\"https:\/\/bekatec-baukasten.de\/12\/wp-content\/uploads\/sites\/15\/2022\/02\/Fotograf14.jpg 668w, https:\/\/bekatec-baukasten.de\/12\/wp-content\/uploads\/sites\/15\/2022\/02\/Fotograf14-200x300.jpg 200w\" sizes=\"(max-width: 668px) 100vw, 668px\" \/><\/figure>\n\n\n\n<figure class=\"wp-block-image size-large\"><img loading=\"lazy\" decoding=\"async\" width=\"668\" height=\"1000\" data-id=\"389\" src=\"https:\/\/bekatec-baukasten.de\/12\/wp-content\/uploads\/sites\/15\/2022\/02\/Fotograf12.jpg\" alt=\"\" class=\"wp-image-389\" srcset=\"https:\/\/bekatec-baukasten.de\/12\/wp-content\/uploads\/sites\/15\/2022\/02\/Fotograf12.jpg 668w, https:\/\/bekatec-baukasten.de\/12\/wp-content\/uploads\/sites\/15\/2022\/02\/Fotograf12-200x300.jpg 200w\" sizes=\"(max-width: 668px) 100vw, 668px\" \/><\/figure>\n\n\n\n<figure class=\"wp-block-image size-large\"><img loading=\"lazy\" decoding=\"async\" width=\"668\" height=\"1000\" data-id=\"390\" src=\"https:\/\/bekatec-baukasten.de\/12\/wp-content\/uploads\/sites\/15\/2022\/02\/Fotograf13.jpg\" alt=\"\" class=\"wp-image-390\" srcset=\"https:\/\/bekatec-baukasten.de\/12\/wp-content\/uploads\/sites\/15\/2022\/02\/Fotograf13.jpg 668w, https:\/\/bekatec-baukasten.de\/12\/wp-content\/uploads\/sites\/15\/2022\/02\/Fotograf13-200x300.jpg 200w\" sizes=\"(max-width: 668px) 100vw, 668px\" \/><\/figure>\n\n\n\n<figure class=\"wp-block-image size-large\"><img loading=\"lazy\" decoding=\"async\" width=\"668\" height=\"1000\" data-id=\"388\" src=\"https:\/\/bekatec-baukasten.de\/12\/wp-content\/uploads\/sites\/15\/2022\/02\/Fotograf11.jpg\" alt=\"\" class=\"wp-image-388\" srcset=\"https:\/\/bekatec-baukasten.de\/12\/wp-content\/uploads\/sites\/15\/2022\/02\/Fotograf11.jpg 668w, https:\/\/bekatec-baukasten.de\/12\/wp-content\/uploads\/sites\/15\/2022\/02\/Fotograf11-200x300.jpg 200w\" sizes=\"(max-width: 668px) 100vw, 668px\" \/><\/figure>\n\n\n\n<figure class=\"wp-block-image size-large\"><img loading=\"lazy\" decoding=\"async\" width=\"668\" height=\"1000\" data-id=\"387\" src=\"https:\/\/bekatec-baukasten.de\/12\/wp-content\/uploads\/sites\/15\/2022\/02\/Fotograf10.jpg\" alt=\"\" class=\"wp-image-387\" srcset=\"https:\/\/bekatec-baukasten.de\/12\/wp-content\/uploads\/sites\/15\/2022\/02\/Fotograf10.jpg 668w, https:\/\/bekatec-baukasten.de\/12\/wp-content\/uploads\/sites\/15\/2022\/02\/Fotograf10-200x300.jpg 200w\" sizes=\"(max-width: 668px) 100vw, 668px\" \/><\/figure>\n\n\n\n<figure class=\"wp-block-image size-large\"><img loading=\"lazy\" decoding=\"async\" width=\"668\" height=\"1000\" data-id=\"386\" src=\"https:\/\/bekatec-baukasten.de\/12\/wp-content\/uploads\/sites\/15\/2022\/02\/Fotograf09.jpg\" alt=\"\" class=\"wp-image-386\" srcset=\"https:\/\/bekatec-baukasten.de\/12\/wp-content\/uploads\/sites\/15\/2022\/02\/Fotograf09.jpg 668w, https:\/\/bekatec-baukasten.de\/12\/wp-content\/uploads\/sites\/15\/2022\/02\/Fotograf09-200x300.jpg 200w\" sizes=\"(max-width: 668px) 100vw, 668px\" \/><\/figure>\n\n\n\n<figure class=\"wp-block-image size-large\"><img loading=\"lazy\" decoding=\"async\" width=\"668\" height=\"1000\" data-id=\"384\" src=\"https:\/\/bekatec-baukasten.de\/12\/wp-content\/uploads\/sites\/15\/2022\/02\/Fotograf07.jpg\" alt=\"\" class=\"wp-image-384\" srcset=\"https:\/\/bekatec-baukasten.de\/12\/wp-content\/uploads\/sites\/15\/2022\/02\/Fotograf07.jpg 668w, https:\/\/bekatec-baukasten.de\/12\/wp-content\/uploads\/sites\/15\/2022\/02\/Fotograf07-200x300.jpg 200w\" sizes=\"(max-width: 668px) 100vw, 668px\" \/><\/figure>\n\n\n\n<figure class=\"wp-block-image size-large\"><img loading=\"lazy\" decoding=\"async\" width=\"668\" height=\"1000\" data-id=\"385\" src=\"https:\/\/bekatec-baukasten.de\/12\/wp-content\/uploads\/sites\/15\/2022\/02\/Fotograf08.jpg\" alt=\"\" class=\"wp-image-385\" srcset=\"https:\/\/bekatec-baukasten.de\/12\/wp-content\/uploads\/sites\/15\/2022\/02\/Fotograf08.jpg 668w, https:\/\/bekatec-baukasten.de\/12\/wp-content\/uploads\/sites\/15\/2022\/02\/Fotograf08-200x300.jpg 200w\" sizes=\"(max-width: 668px) 100vw, 668px\" \/><\/figure>\n\n\n\n<figure class=\"wp-block-image size-large\"><img loading=\"lazy\" decoding=\"async\" width=\"668\" height=\"1000\" data-id=\"383\" src=\"https:\/\/bekatec-baukasten.de\/12\/wp-content\/uploads\/sites\/15\/2022\/02\/Fotograf06.jpg\" alt=\"\" class=\"wp-image-383\" srcset=\"https:\/\/bekatec-baukasten.de\/12\/wp-content\/uploads\/sites\/15\/2022\/02\/Fotograf06.jpg 668w, https:\/\/bekatec-baukasten.de\/12\/wp-content\/uploads\/sites\/15\/2022\/02\/Fotograf06-200x300.jpg 200w\" sizes=\"(max-width: 668px) 100vw, 668px\" \/><\/figure>\n\n\n\n<figure class=\"wp-block-image size-large\"><img loading=\"lazy\" decoding=\"async\" width=\"668\" height=\"1000\" data-id=\"382\" src=\"https:\/\/bekatec-baukasten.de\/12\/wp-content\/uploads\/sites\/15\/2022\/02\/Fotograf05.jpg\" alt=\"\" class=\"wp-image-382\" srcset=\"https:\/\/bekatec-baukasten.de\/12\/wp-content\/uploads\/sites\/15\/2022\/02\/Fotograf05.jpg 668w, https:\/\/bekatec-baukasten.de\/12\/wp-content\/uploads\/sites\/15\/2022\/02\/Fotograf05-200x300.jpg 200w\" sizes=\"(max-width: 668px) 100vw, 668px\" \/><\/figure>\n\n\n\n<figure class=\"wp-block-image size-large\"><img loading=\"lazy\" decoding=\"async\" width=\"668\" height=\"1000\" data-id=\"381\" src=\"https:\/\/bekatec-baukasten.de\/12\/wp-content\/uploads\/sites\/15\/2022\/02\/Fotograf04.jpg\" alt=\"\" class=\"wp-image-381\" srcset=\"https:\/\/bekatec-baukasten.de\/12\/wp-content\/uploads\/sites\/15\/2022\/02\/Fotograf04.jpg 668w, https:\/\/bekatec-baukasten.de\/12\/wp-content\/uploads\/sites\/15\/2022\/02\/Fotograf04-200x300.jpg 200w\" sizes=\"(max-width: 668px) 100vw, 668px\" \/><\/figure>\n\n\n\n<figure class=\"wp-block-image size-large\"><img loading=\"lazy\" decoding=\"async\" width=\"668\" height=\"1000\" data-id=\"379\" src=\"https:\/\/bekatec-baukasten.de\/12\/wp-content\/uploads\/sites\/15\/2022\/02\/Fotograf02.jpg\" alt=\"\" class=\"wp-image-379\" srcset=\"https:\/\/bekatec-baukasten.de\/12\/wp-content\/uploads\/sites\/15\/2022\/02\/Fotograf02.jpg 668w, https:\/\/bekatec-baukasten.de\/12\/wp-content\/uploads\/sites\/15\/2022\/02\/Fotograf02-200x300.jpg 200w\" sizes=\"(max-width: 668px) 100vw, 668px\" \/><\/figure>\n\n\n\n<figure class=\"wp-block-image size-large\"><img loading=\"lazy\" decoding=\"async\" width=\"668\" height=\"1000\" data-id=\"380\" src=\"https:\/\/bekatec-baukasten.de\/12\/wp-content\/uploads\/sites\/15\/2022\/02\/Fotograf03.jpg\" alt=\"\" class=\"wp-image-380\" srcset=\"https:\/\/bekatec-baukasten.de\/12\/wp-content\/uploads\/sites\/15\/2022\/02\/Fotograf03.jpg 668w, https:\/\/bekatec-baukasten.de\/12\/wp-content\/uploads\/sites\/15\/2022\/02\/Fotograf03-200x300.jpg 200w\" sizes=\"(max-width: 668px) 100vw, 668px\" \/><\/figure>\n<\/figure>\n\n\n\n<div class=\"modal fade\" id=\"galerieModal\" tabindex=\"-1\" aria-labelledby=\"galerieModalLabel\" aria-hidden=\"true\">\n\n<div class=\"modal-header\">\n<button type=\"button\" class=\"close\" data-bs-dismiss=\"modal\" aria-label=\"Close\">\n<i class=\"fas fa-times-circle\"><\/i>\n<\/button>\n<\/div>\n\n    <div class=\"modal-dialog modal-dialog-centered modal-xl\">\n\n        <div class=\"modal-content\">\n\n    <a class=\"carousel-control-next\" href=\"#carouselExampleControls\" role=\"button\" data-bs-slide=\"next\">\n        <i class=\"fas fa-arrow-circle-right\"><\/i>\n    <\/a>\n\n            <div class=\"modal-body\" style=\"width:100%;\">\n                <div id=\"carouselExampleControls\" class=\"carousel slide carousel-slide\" data-interval=\"0\" data-bs-ride=\"carousel\" data-ride=\"carousel\">\n                    <div class=\"carousel-inner d-flex align-items-center\">\n                    <\/div>\n                <\/div>\n            <\/div>\n\n    <a class=\"carousel-control-prev\" href=\"#carouselExampleControls\" role=\"button\" data-bs-slide=\"prev\">\n        <i class=\"fas fa-arrow-circle-left\"><\/i>\n    <\/a>\n\n        <\/div>\n\n    <\/div>\n\n<\/div>\n\n<script type=\"text\/javascript\">\n    jQuery.noConflict();\n    jQuery(document).ready(function($) {\n        var bkgallery = document.getElementsByClassName('bkgallery');\n        if (bkgallery.length > 0) {\n            var bklist = bkgallery[0].getElementsByTagName(\"figure\");\n            for (var key of Object.keys(bklist)) {\n                var myfigureinner = bklist[key].getElementsByTagName(\"img\");\n                console.log(myfigureinner);\n                console.log(myfigureinner.length);\n\n                if (myfigureinner.length > 0) {\n                    var myparent = myfigureinner[0].parentElement;\n                    myparent.innerHTML = '<a href=\"#\" data-bs-toggle=\"modal\" data-bs-target=\"#galerieModal\">' + myparent.innerHTML + '<\/a>';\n                }\n            }\n        }\n        $('#galerieModal').on('show.bs.modal', function(event) {\n\n            var a = $(event.relatedTarget) \/\/ Button that triggered the modal\n            \n            \/\/ If necessary, you could initiate an AJAX request here (and then do the updating in a callback).\n            \/\/ Update the modal's content. We'll use jQuery here, but you could use a data binding library or other methods instead.\n\n            \/\/ get name of clicked image\n            var imgsrc = a[0].getElementsByTagName('img')[0].src;\n            \n            \/\/ add carousel to modal-body\n            var bkgallery = document.getElementsByClassName('bkgallery');\n            if (bkgallery.length > 0) {\n                var carImages = bkgallery[0].getElementsByTagName(\"img\");\n                var carouselInner = document.getElementsByClassName('carousel-inner');\n                if (carouselInner.length > 0) {\n                    carouselInner[0].innerHTML = \"\";\n                }\n                \/\/ loop through images, add an carousel-item for every image\n                for (var key of Object.keys(carImages)) {\n                    if (carImages[key].parentElement.tagName !== 'A') {\n                    continue;\n                    }   \n                    var bkchilddiv = document.createElement('div');\n                    bkchilddiv.className += \"carousel-item justify-content-center align-content-center\";\n                    \/\/ set class=active for actual image\n                    if (imgsrc == carImages[key].src) {\n                        bkchilddiv.className += \" active\";\n                    }\n                    var bkchildimg = document.createElement('img');\n                    bkchildimg.className += \"d-block mh-100\";\n                    bkchildimg.setAttribute(\"src\", carImages[key].src);\n                    bkchilddiv.appendChild(bkchildimg);\n                    carouselInner[0].appendChild(bkchilddiv);\n                }\n            }\n        });\n    });\n<\/script>\n","protected":false},"excerpt":{"rendered":"<p>Unsere Portr\u00e4ts, Teil- und Ganzk\u00f6rperakte entstehen in einer technischen Infrastruktur und mit einem professionellen Personalstab, bew\u00e4hrt im harten B2B-Gesch\u00e4ft mit Modelagenturen. Zwei Visagistinnen sind im Fotostudio Max Hartlicht fest angestellt. Wir bieten Kundinnen an, dass f\u00fcr Aktaufnahmen nur Ablauf, Set und Beleuchtung von Art Director und Inhaber Max Hartlicht selbst geplant werden und die folgende [&#8230;]<\/p>\n<p><a class=\"btn btn-secondary understrap-read-more-link\" href=\"https:\/\/bekatec-baukasten.de\/12\/galerie\/\">Weiterlesen\u00a0\u2026<span class=\"screen-reader-text\"> from Galerie<\/span><\/a><\/p>\n","protected":false},"author":1,"featured_media":0,"parent":0,"menu_order":0,"comment_status":"closed","ping_status":"closed","template":"","meta":{"footnotes":""},"_links":{"self":[{"href":"https:\/\/bekatec-baukasten.de\/12\/wp-json\/wp\/v2\/pages\/221"}],"collection":[{"href":"https:\/\/bekatec-baukasten.de\/12\/wp-json\/wp\/v2\/pages"}],"about":[{"href":"https:\/\/bekatec-baukasten.de\/12\/wp-json\/wp\/v2\/types\/page"}],"author":[{"embeddable":true,"href":"https:\/\/bekatec-baukasten.de\/12\/wp-json\/wp\/v2\/users\/1"}],"replies":[{"embeddable":true,"href":"https:\/\/bekatec-baukasten.de\/12\/wp-json\/wp\/v2\/comments?post=221"}],"version-history":[{"count":11,"href":"https:\/\/bekatec-baukasten.de\/12\/wp-json\/wp\/v2\/pages\/221\/revisions"}],"predecessor-version":[{"id":425,"href":"https:\/\/bekatec-baukasten.de\/12\/wp-json\/wp\/v2\/pages\/221\/revisions\/425"}],"wp:attachment":[{"href":"https:\/\/bekatec-baukasten.de\/12\/wp-json\/wp\/v2\/media?parent=221"}],"curies":[{"name":"wp","href":"https:\/\/api.w.org\/{rel}","templated":true}]}}