{"id":106,"date":"2021-10-05T14:41:59","date_gmt":"2021-10-05T12:41:59","guid":{"rendered":"https:\/\/bekatec-baukasten.de\/14\/?page_id=106"},"modified":"2022-05-18T11:36:58","modified_gmt":"2022-05-18T09:36:58","slug":"wellness","status":"publish","type":"page","link":"https:\/\/bekatec-baukasten.de\/14\/wellness\/","title":{"rendered":"Wellness"},"content":{"rendered":"\n<div class=\"wp-block-columns mt-lg-5 mt-md-4 mt-3 is-layout-flex wp-container-core-columns-is-layout-1 wp-block-columns-is-layout-flex\">\n<div class=\"wp-block-column is-layout-flow wp-block-column-is-layout-flow\">\n<figure class=\"wp-block-image size-large\"><img loading=\"lazy\" decoding=\"async\" width=\"1024\" height=\"684\" src=\"https:\/\/bekatec-baukasten.de\/14\/wp-content\/uploads\/sites\/18\/2022\/02\/wellness_8-1024x684.jpg\" alt=\"\" class=\"wp-image-272\" srcset=\"https:\/\/bekatec-baukasten.de\/14\/wp-content\/uploads\/sites\/18\/2022\/02\/wellness_8-1024x684.jpg 1024w, https:\/\/bekatec-baukasten.de\/14\/wp-content\/uploads\/sites\/18\/2022\/02\/wellness_8-300x200.jpg 300w, https:\/\/bekatec-baukasten.de\/14\/wp-content\/uploads\/sites\/18\/2022\/02\/wellness_8-768x513.jpg 768w, https:\/\/bekatec-baukasten.de\/14\/wp-content\/uploads\/sites\/18\/2022\/02\/wellness_8-1536x1025.jpg 1536w, https:\/\/bekatec-baukasten.de\/14\/wp-content\/uploads\/sites\/18\/2022\/02\/wellness_8.jpg 2000w\" sizes=\"(max-width: 1024px) 100vw, 1024px\" \/><\/figure>\n<\/div>\n\n\n\n<div class=\"wp-block-column is-layout-flow wp-block-column-is-layout-flow\">\n<p>Massagen nehmen im Wellness-Programm von Alnilam Resorts einen zentralen Platz ein. Wir haben Spezialisten f\u00fcr alle \u00fcblichen Massagearten.<\/p>\n\n\n\n<p>Alle Massagen in Alnilam Ressorts stehen unter fach\u00e4rztlicher Aufsicht. Bindegewebsmassagen und andere medizinischen Massagen werden ausschlie\u00dflich von diplomierten Masseuren mit in Deutschland anerkennbaren Qualifikationen durchgef\u00fchrt.<\/p>\n\n\n\n<p>F\u00fcr Shiatsu konnten wir Meistersch\u00fcler aus Japan und den USA f\u00fcr uns gewinnen, Thai-Massagen werden von Meistern mit 10 Jahren Berufserfahrung und Referenzen von niedergelassenen thail\u00e4ndischen \u00c4rzten vorgenommen, Fu\u00dfreflexzonenmassagen werden von den leitenden \u00c4rzten der Resorts selbst durchgef\u00fchrt, die B\u00fcrstenmassagen und Unterwassermassagen von f\u00fcr medizinische Anwendungen zugelassenem, erfahrenen Fachkr\u00e4ften. Kopf- und Nackenmassage nehmen unsere Yogameisterinnen vor.<\/p>\n\n\n\n<p>Steigern Sie Ihr Wohlbefinden und genie\u00dfen Sie t\u00e4gliche Massagen w\u00e4hrend Ihres Aufenthaltes in einem Alnilam Resort! Die gesundheitsf\u00f6rdernde Wirkung der Massagen in Alnilam Resorts wird uns von G\u00e4sten, \u00c4rzten und Physiotherapeuten in aller Welt best\u00e4tigt. \u00dcberzeugen Sie sich selbst w\u00e4hrend einer kostenlosen Probemassage Ihrer Wahl (Buchung eines unserer Wellness-Standardpakete vorausgesetzt)! Unsere erfahrenen \u00c4rzte beraten Sie gerne und entwickeln zusammen mit Ihnen Ihren pers\u00f6nlichen Zeitplan f\u00fcr Massagen w\u00e4hrend Ihres Aufenthalts in einem Alnilam Resort. Preise f\u00fcr Massagen und weitere Anwendungen auf Anfrage.<\/p>\n<\/div>\n<\/div>\n","protected":false},"excerpt":{"rendered":"<p>Massagen nehmen im Wellness-Programm von Alnilam Resorts einen zentralen Platz ein. Wir haben Spezialisten f\u00fcr alle \u00fcblichen Massagearten. Alle Massagen in Alnilam Ressorts stehen unter fach\u00e4rztlicher Aufsicht. Bindegewebsmassagen und andere medizinischen Massagen werden ausschlie\u00dflich von diplomierten Masseuren mit in Deutschland anerkennbaren Qualifikationen durchgef\u00fchrt. F\u00fcr Shiatsu konnten wir Meistersch\u00fcler aus Japan und den USA f\u00fcr uns [&#8230;]<\/p>\n<p><a class=\"btn btn-secondary understrap-read-more-link\" href=\"https:\/\/bekatec-baukasten.de\/14\/wellness\/\">Weiterlesen\u00a0\u2026<span class=\"screen-reader-text\"> from Wellness<\/span><\/a><\/p>\n","protected":false},"author":1,"featured_media":0,"parent":0,"menu_order":0,"comment_status":"closed","ping_status":"closed","template":"","meta":{"footnotes":""},"_links":{"self":[{"href":"https:\/\/bekatec-baukasten.de\/14\/wp-json\/wp\/v2\/pages\/106"}],"collection":[{"href":"https:\/\/bekatec-baukasten.de\/14\/wp-json\/wp\/v2\/pages"}],"about":[{"href":"https:\/\/bekatec-baukasten.de\/14\/wp-json\/wp\/v2\/types\/page"}],"author":[{"embeddable":true,"href":"https:\/\/bekatec-baukasten.de\/14\/wp-json\/wp\/v2\/users\/1"}],"replies":[{"embeddable":true,"href":"https:\/\/bekatec-baukasten.de\/14\/wp-json\/wp\/v2\/comments?post=106"}],"version-history":[{"count":19,"href":"https:\/\/bekatec-baukasten.de\/14\/wp-json\/wp\/v2\/pages\/106\/revisions"}],"predecessor-version":[{"id":317,"href":"https:\/\/bekatec-baukasten.de\/14\/wp-json\/wp\/v2\/pages\/106\/revisions\/317"}],"wp:attachment":[{"href":"https:\/\/bekatec-baukasten.de\/14\/wp-json\/wp\/v2\/media?parent=106"}],"curies":[{"name":"wp","href":"https:\/\/api.w.org\/{rel}","templated":true}]}}