{"id":2,"date":"2021-06-22T11:45:51","date_gmt":"2021-06-22T09:45:51","guid":{"rendered":"https:\/\/bekatec-baukasten.de\/14\/?page_id=2"},"modified":"2022-05-18T11:39:11","modified_gmt":"2022-05-18T09:39:11","slug":"startseite","status":"publish","type":"page","link":"https:\/\/bekatec-baukasten.de\/14\/","title":{"rendered":"Alnilam Resorts"},"content":{"rendered":"\n<h2 class=\"has-text-align-center wp-block-heading\" id=\"bekatec-website-baukasten-demo\">Wellness, Beauty &amp; Spa unter einem guten Stern<\/h2>\n\n\n\n<p class=\"has-text-align-center\">Willkommen in unseren Oasen der Sch\u00f6nheit, Gesundheit und Entspannung!<\/p>\n\n\n\n<p class=\"has-text-align-center\">Die Mission von Alnilam Resorts ist Ihr Wohlbefinden. Unsere erfahrenen Expertinnen f\u00fcr Wellness, Beauty, Spa und Thalasso betreuen Sie ganzheitlich, damit Ihr Aufenthalt in einem Alnilam Resort f\u00fcr Sie zu einem ein unvergesslichen Wohlf\u00fchlerlebnis wird.<\/p>\n\n\n\n<p class=\"has-text-align-center\">Alle unsere Resorts sind Thalasso-Zentren und durch in unserem Besitz befindliche, vom Land uneinsehbare Privatstr\u00e4nde mit dem Meer verbunden. Die Bungalows der Hotelanlage liegen zum Meer hin und verf\u00fcgen \u00fcber eigene Au\u00dfenpools, pro &#8222;Planet&#8220;, wie wir die Wohn-Habitate unserer Resorts nennen, zus\u00e4tzlich \u00fcber einen Gemeinschaftspool.<\/p>\n\n\n\n<p class=\"has-text-align-center\">Lassen Sie den Alltag hinter sich und tauchen Sie in Alnilam Resorts in die Welt der Entspannung ein!<\/p>\n\n\n\n<div class=\"wp-block-cover alignfull is-light mt-lg-5 mt-md-4 mt-3 mb-0\"><span aria-hidden=\"true\" class=\"has-white-background-color has-background-dim-80 wp-block-cover__gradient-background has-background-dim\"><\/span><img loading=\"lazy\" decoding=\"async\" width=\"2000\" height=\"1335\" class=\"wp-block-cover__image-background wp-image-272\" alt=\"\" src=\"https:\/\/bekatec-baukasten.de\/14\/wp-content\/uploads\/sites\/18\/2022\/02\/wellness_8.jpg\" data-object-fit=\"cover\" srcset=\"https:\/\/bekatec-baukasten.de\/14\/wp-content\/uploads\/sites\/18\/2022\/02\/wellness_8.jpg 2000w, https:\/\/bekatec-baukasten.de\/14\/wp-content\/uploads\/sites\/18\/2022\/02\/wellness_8-300x200.jpg 300w, https:\/\/bekatec-baukasten.de\/14\/wp-content\/uploads\/sites\/18\/2022\/02\/wellness_8-1024x684.jpg 1024w, https:\/\/bekatec-baukasten.de\/14\/wp-content\/uploads\/sites\/18\/2022\/02\/wellness_8-768x513.jpg 768w, https:\/\/bekatec-baukasten.de\/14\/wp-content\/uploads\/sites\/18\/2022\/02\/wellness_8-1536x1025.jpg 1536w\" sizes=\"(max-width: 2000px) 100vw, 2000px\" \/><div class=\"wp-block-cover__inner-container is-layout-flow wp-block-cover-is-layout-flow\">\n<p class=\"has-text-align-center has-large-font-size\">Wellness | Beauty | Spa<\/p>\n\n\n\n<div class=\"wp-block-buttons is-horizontal is-content-justification-center is-layout-flex wp-container-core-buttons-is-layout-1 wp-block-buttons-is-layout-flex\">\n<div class=\"wp-block-button is-style-outline\"><a class=\"wp-block-button__link\">mehr erfahren<\/a><\/div>\n<\/div>\n<\/div><\/div>\n\n\n\n<div class=\"wp-block-media-text alignfull is-stacked-on-mobile is-image-fill\"><figure class=\"wp-block-media-text__media\" style=\"background-image:url(https:\/\/bekatec-baukasten.de\/14\/wp-content\/uploads\/sites\/18\/2022\/02\/wellness_2.jpg);background-position:50% 50%\"><img loading=\"lazy\" decoding=\"async\" width=\"1000\" height=\"667\" src=\"https:\/\/bekatec-baukasten.de\/14\/wp-content\/uploads\/sites\/18\/2022\/02\/wellness_2.jpg\" alt=\"\" class=\"wp-image-273 size-full\" srcset=\"https:\/\/bekatec-baukasten.de\/14\/wp-content\/uploads\/sites\/18\/2022\/02\/wellness_2.jpg 1000w, https:\/\/bekatec-baukasten.de\/14\/wp-content\/uploads\/sites\/18\/2022\/02\/wellness_2-300x200.jpg 300w, https:\/\/bekatec-baukasten.de\/14\/wp-content\/uploads\/sites\/18\/2022\/02\/wellness_2-768x512.jpg 768w\" sizes=\"(max-width: 1000px) 100vw, 1000px\" \/><\/figure><div class=\"wp-block-media-text__content\">\n<h3 class=\"wp-block-heading\">Alnilam Naturkosmetik<\/h3>\n\n\n\n<p>Wir nutzen zur Herstellung unserer hauseigenen Alnilam Cosmetics Gesichtsmasken, \u00d6le und Essenzen ausschlie\u00dflich nat\u00fcrliche Produkte lokaler, von Alnilam-Resorts zertifizierter Erzeuger, die schadstofffreien, biologisch-dynamischen Anbau betreiben und sich unserer Qualit\u00e4tssicherung in regelm\u00e4\u00dfigen, strengen Kontrollen stellen.<\/p>\n\n\n\n<p>In jedem unserer Resorts sind ein erfahrener Apotheker und eine Dermatologin mit der st\u00e4ndigen \u00dcberwachung der Herstellung unserer Produkte betraut. Hierdurch k\u00f6nnen wir Ihnen die gleichbleibend hervorragende Alnilam Cosmetics Qualit\u00e4t bieten, f\u00fcr die unsere Resorts bekannt sind und die von den Stammg\u00e4sten unserer Resorts gelobt wird.<\/p>\n<\/div><\/div>\n\n\n\n<div class=\"wp-block-media-text alignfull has-media-on-the-right is-stacked-on-mobile is-image-fill\"><figure class=\"wp-block-media-text__media\" style=\"background-image:url(https:\/\/bekatec-baukasten.de\/14\/wp-content\/uploads\/sites\/18\/2022\/02\/wellness_4.jpg);background-position:50% 50%\"><img loading=\"lazy\" decoding=\"async\" width=\"1000\" height=\"667\" src=\"https:\/\/bekatec-baukasten.de\/14\/wp-content\/uploads\/sites\/18\/2022\/02\/wellness_4.jpg\" alt=\"\" class=\"wp-image-275 size-full\" srcset=\"https:\/\/bekatec-baukasten.de\/14\/wp-content\/uploads\/sites\/18\/2022\/02\/wellness_4.jpg 1000w, https:\/\/bekatec-baukasten.de\/14\/wp-content\/uploads\/sites\/18\/2022\/02\/wellness_4-300x200.jpg 300w, https:\/\/bekatec-baukasten.de\/14\/wp-content\/uploads\/sites\/18\/2022\/02\/wellness_4-768x512.jpg 768w\" sizes=\"(max-width: 1000px) 100vw, 1000px\" \/><\/figure><div class=\"wp-block-media-text__content\">\n<h3 class=\"wp-block-heading\">Akupunktur<\/h3>\n\n\n\n<p>Die Jahrtausende alte chinesische Lehre vom Fluss der Lebensenergie Qi und der heilenden Wirkung der F\u00f6rderung des Flusses durch Akupunktur hat in unseren H\u00e4usern einen hohen Stellenwert. Wir sind stolz und gl\u00fccklich, dass wir f\u00fcr jedes Resort eine \u00c4rztin mit Qualifikation in Akupunktur f\u00fcr uns gewinnen konnten.<\/p>\n\n\n\n<p>Akupunktur Anwendungen werden in unseren Einrichtungen ausschlie\u00dflich vom Arzt selbst und von diplomierten Akupunkteuren durchgef\u00fchrt, die uns in einem strengen Auswahlverfahren von sich \u00fcberzeugen konnten. Leiter der Behandlung sind Mediziner, die in regelm\u00e4\u00dfigen Kontrolluntersuchungen den Erfolg der Behandlung \u00fcberwachen.<\/p>\n<\/div><\/div>\n\n\n\n<div class=\"wp-block-media-text alignfull is-stacked-on-mobile is-image-fill\"><figure class=\"wp-block-media-text__media\" style=\"background-image:url(https:\/\/bekatec-baukasten.de\/14\/wp-content\/uploads\/sites\/18\/2022\/02\/wellness_6.jpg);background-position:50% 50%\"><img loading=\"lazy\" decoding=\"async\" width=\"1000\" height=\"667\" src=\"https:\/\/bekatec-baukasten.de\/14\/wp-content\/uploads\/sites\/18\/2022\/02\/wellness_6.jpg\" alt=\"\" class=\"wp-image-277 size-full\" srcset=\"https:\/\/bekatec-baukasten.de\/14\/wp-content\/uploads\/sites\/18\/2022\/02\/wellness_6.jpg 1000w, https:\/\/bekatec-baukasten.de\/14\/wp-content\/uploads\/sites\/18\/2022\/02\/wellness_6-300x200.jpg 300w, https:\/\/bekatec-baukasten.de\/14\/wp-content\/uploads\/sites\/18\/2022\/02\/wellness_6-768x512.jpg 768w\" sizes=\"(max-width: 1000px) 100vw, 1000px\" \/><\/figure><div class=\"wp-block-media-text__content\">\n<h3 class=\"wp-block-heading\">Hautpflege<\/h3>\n\n\n\n<p>Sie k\u00f6nnen aus einer breiten Palette nat\u00fcrlicher, rein pflanzlicher Produkte ausw\u00e4hlen. Wir verwenden Ingwer, Eukalyptus, Orange, Gurken, Tee und Rooibos, Kirsche, Hibiskus, Honig und andere Naturstoffe aus kontrollierter, von Alnilam Ressorts zertifizierter Produktion. F\u00fcr unsere Tonmasken verwenden wir hochreines Kaolin und Bentonit.<\/p>\n\n\n\n<p>Eingangs Ihres Aufenthaltes erl\u00e4utert die Dermatologen des Resorts Ihnen in einem pers\u00f6nlichen Gespr\u00e4ch die angebotenen Anwendungen und kl\u00e4rt mit Ihnen Unvertr\u00e4glichkeiten und Allergien ab. Es folgt eine Beratung mit dem Ziel, die f\u00fcr Ihren Hauttyp optimal geeigneten Anwendungen auszuw\u00e4hlen.<\/p>\n<\/div><\/div>\n","protected":false},"excerpt":{"rendered":"<p>Wellness, Beauty &amp; Spa unter einem guten Stern Willkommen in unseren Oasen der Sch\u00f6nheit, Gesundheit und Entspannung! Die Mission von Alnilam Resorts ist Ihr Wohlbefinden. Unsere erfahrenen Expertinnen f\u00fcr Wellness, Beauty, Spa und Thalasso betreuen Sie ganzheitlich, damit Ihr Aufenthalt in einem Alnilam Resort f\u00fcr Sie zu einem ein unvergesslichen Wohlf\u00fchlerlebnis wird. Alle unsere Resorts [&#8230;]<\/p>\n<p><a class=\"btn btn-secondary understrap-read-more-link\" href=\"https:\/\/bekatec-baukasten.de\/14\/\">Weiterlesen\u00a0\u2026<span class=\"screen-reader-text\"> from Alnilam Resorts<\/span><\/a><\/p>\n","protected":false},"author":1,"featured_media":0,"parent":0,"menu_order":0,"comment_status":"closed","ping_status":"open","template":"","meta":{"footnotes":""},"_links":{"self":[{"href":"https:\/\/bekatec-baukasten.de\/14\/wp-json\/wp\/v2\/pages\/2"}],"collection":[{"href":"https:\/\/bekatec-baukasten.de\/14\/wp-json\/wp\/v2\/pages"}],"about":[{"href":"https:\/\/bekatec-baukasten.de\/14\/wp-json\/wp\/v2\/types\/page"}],"author":[{"embeddable":true,"href":"https:\/\/bekatec-baukasten.de\/14\/wp-json\/wp\/v2\/users\/1"}],"replies":[{"embeddable":true,"href":"https:\/\/bekatec-baukasten.de\/14\/wp-json\/wp\/v2\/comments?post=2"}],"version-history":[{"count":43,"href":"https:\/\/bekatec-baukasten.de\/14\/wp-json\/wp\/v2\/pages\/2\/revisions"}],"predecessor-version":[{"id":321,"href":"https:\/\/bekatec-baukasten.de\/14\/wp-json\/wp\/v2\/pages\/2\/revisions\/321"}],"wp:attachment":[{"href":"https:\/\/bekatec-baukasten.de\/14\/wp-json\/wp\/v2\/media?parent=2"}],"curies":[{"name":"wp","href":"https:\/\/api.w.org\/{rel}","templated":true}]}}