{"id":86,"date":"2021-10-05T11:12:20","date_gmt":"2021-10-05T09:12:20","guid":{"rendered":"https:\/\/bekatec-baukasten.de\/14\/?page_id=86"},"modified":"2022-05-18T11:38:04","modified_gmt":"2022-05-18T09:38:04","slug":"beauty","status":"publish","type":"page","link":"https:\/\/bekatec-baukasten.de\/14\/beauty\/","title":{"rendered":"Beauty"},"content":{"rendered":"\n<div class=\"wp-block-columns mt-lg-5 mt-md-4 mt-3 is-layout-flex wp-container-core-columns-is-layout-1 wp-block-columns-is-layout-flex\">\n<div class=\"wp-block-column is-layout-flow wp-block-column-is-layout-flow\">\n<figure class=\"wp-block-image size-full\"><img loading=\"lazy\" decoding=\"async\" width=\"1000\" height=\"665\" src=\"https:\/\/bekatec-baukasten.de\/14\/wp-content\/uploads\/sites\/18\/2022\/02\/wellness_7.jpg\" alt=\"\" class=\"wp-image-278\" srcset=\"https:\/\/bekatec-baukasten.de\/14\/wp-content\/uploads\/sites\/18\/2022\/02\/wellness_7.jpg 1000w, https:\/\/bekatec-baukasten.de\/14\/wp-content\/uploads\/sites\/18\/2022\/02\/wellness_7-300x200.jpg 300w, https:\/\/bekatec-baukasten.de\/14\/wp-content\/uploads\/sites\/18\/2022\/02\/wellness_7-768x511.jpg 768w\" sizes=\"(max-width: 1000px) 100vw, 1000px\" \/><\/figure>\n<\/div>\n\n\n\n<div class=\"wp-block-column is-layout-flow wp-block-column-is-layout-flow\">\n<p>Das Kompliment &#8222;Du siehst umwerfend aus! Kommst du aus dem Urlaub?&#8220; bezieht sich auf das gesamte Hautbild, nicht allein auf die Urlaubsbr\u00e4une.<\/p>\n\n\n\n<p>In den Beauty-Bereichen der Alnilam Resorts freuen sich erfahrene, diplomierte Kosmetikerinnen auf Ihren Besuch. Gemeinsam mit ihnen wird in einem kostenlosen Erstgespr\u00e4ch die Verbesserung Ihres Hautbildes geplant und w\u00e4hrend Ihres Aufenthaltes von der Kosmetikerin Ihrer Wahl umgesetzt.<\/p>\n\n\n\n<p>Nach anf\u00e4nglicher Grundreinigung und Peeling wird mit einer auf Ihren Hauttyp abgestimmten Tiefenreinigung und feuchtigkeitsspendenden Masken der Grundstein f\u00fcr regenerierende und gl\u00e4ttende Behandlung, Anti-Aging und Porenverfeinerung gelegt. Alle Pr\u00e4parate k\u00f6nnen Sie aus der breiten Palette der Alnilam Cosmetics Linie selbst ausw\u00e4hlen, Ihre Kosmetikerin ber\u00e4t sie gerne. Wir bieten das Zupfen und F\u00e4rben von Augenbrauen und Wimpern an sowie Curling und Lifting f\u00fcr Wimpern. Das die Behandlung abschlie\u00dfende Make-up ist kostenlos.<\/p>\n\n\n\n<p>Wir bieten Ihnen in allen Alnilam Resorts professionelle Manik\u00fcre und Pedik\u00fcre (medizinisch und kosmetisch), Meister Ihrer Zunft begr\u00fc\u00dfen Sie gerne in den Coiffeur-Salons unserer Resorts. Bei Buchungen von \u00fcber einer Woche ist ein professionelles Make-up und Hairstyling (ohne Schneiden) f\u00fcr den Abend im Preis inbegriffen. Sonstige Preise f\u00fcr Beautyanwendungen auf Anfrage.<\/p>\n<\/div>\n<\/div>\n","protected":false},"excerpt":{"rendered":"<p>Das Kompliment &#8222;Du siehst umwerfend aus! Kommst du aus dem Urlaub?&#8220; bezieht sich auf das gesamte Hautbild, nicht allein auf die Urlaubsbr\u00e4une. In den Beauty-Bereichen der Alnilam Resorts freuen sich erfahrene, diplomierte Kosmetikerinnen auf Ihren Besuch. Gemeinsam mit ihnen wird in einem kostenlosen Erstgespr\u00e4ch die Verbesserung Ihres Hautbildes geplant und w\u00e4hrend Ihres Aufenthaltes von der [&#8230;]<\/p>\n<p><a class=\"btn btn-secondary understrap-read-more-link\" href=\"https:\/\/bekatec-baukasten.de\/14\/beauty\/\">Weiterlesen\u00a0\u2026<span class=\"screen-reader-text\"> from Beauty<\/span><\/a><\/p>\n","protected":false},"author":1,"featured_media":0,"parent":0,"menu_order":0,"comment_status":"closed","ping_status":"closed","template":"","meta":{"footnotes":""},"_links":{"self":[{"href":"https:\/\/bekatec-baukasten.de\/14\/wp-json\/wp\/v2\/pages\/86"}],"collection":[{"href":"https:\/\/bekatec-baukasten.de\/14\/wp-json\/wp\/v2\/pages"}],"about":[{"href":"https:\/\/bekatec-baukasten.de\/14\/wp-json\/wp\/v2\/types\/page"}],"author":[{"embeddable":true,"href":"https:\/\/bekatec-baukasten.de\/14\/wp-json\/wp\/v2\/users\/1"}],"replies":[{"embeddable":true,"href":"https:\/\/bekatec-baukasten.de\/14\/wp-json\/wp\/v2\/comments?post=86"}],"version-history":[{"count":12,"href":"https:\/\/bekatec-baukasten.de\/14\/wp-json\/wp\/v2\/pages\/86\/revisions"}],"predecessor-version":[{"id":320,"href":"https:\/\/bekatec-baukasten.de\/14\/wp-json\/wp\/v2\/pages\/86\/revisions\/320"}],"wp:attachment":[{"href":"https:\/\/bekatec-baukasten.de\/14\/wp-json\/wp\/v2\/media?parent=86"}],"curies":[{"name":"wp","href":"https:\/\/api.w.org\/{rel}","templated":true}]}}