{"id":92,"date":"2021-10-05T11:16:43","date_gmt":"2021-10-05T09:16:43","guid":{"rendered":"https:\/\/bekatec-baukasten.de\/14\/?page_id=92"},"modified":"2022-05-18T11:37:42","modified_gmt":"2022-05-18T09:37:42","slug":"spa","status":"publish","type":"page","link":"https:\/\/bekatec-baukasten.de\/14\/spa\/","title":{"rendered":"Spa"},"content":{"rendered":"\n<div class=\"wp-block-columns mt-lg-5 mt-md-4 mt-3 is-layout-flex wp-container-core-columns-is-layout-1 wp-block-columns-is-layout-flex\">\n<div class=\"wp-block-column is-layout-flow wp-block-column-is-layout-flow\">\n<figure class=\"wp-block-image size-full\"><img loading=\"lazy\" decoding=\"async\" width=\"1000\" height=\"667\" src=\"https:\/\/bekatec-baukasten.de\/14\/wp-content\/uploads\/sites\/18\/2022\/02\/wellness_5.jpg\" alt=\"\" class=\"wp-image-276\" srcset=\"https:\/\/bekatec-baukasten.de\/14\/wp-content\/uploads\/sites\/18\/2022\/02\/wellness_5.jpg 1000w, https:\/\/bekatec-baukasten.de\/14\/wp-content\/uploads\/sites\/18\/2022\/02\/wellness_5-300x200.jpg 300w, https:\/\/bekatec-baukasten.de\/14\/wp-content\/uploads\/sites\/18\/2022\/02\/wellness_5-768x512.jpg 768w\" sizes=\"(max-width: 1000px) 100vw, 1000px\" \/><\/figure>\n<\/div>\n\n\n\n<div class=\"wp-block-column is-layout-flow wp-block-column-is-layout-flow\">\n<p>In den Spas von Alnilam Resorts finden Sie Saunen und Dampfb\u00e4der mit gro\u00dfz\u00fcgigen Abk\u00fchlbecken indoor und outdoor, Pools, Thalasso und Bereiche f\u00fcr wohltuende Hot-Stone-Massagen.<\/p>\n\n\n\n<p>Bei Hot-Stone-Massagen werden erw\u00e4rmte Basaltsteine auf den K\u00f6rper gelegt, um die Muskeln durch W\u00e4rme zu lockern und hartn\u00e4ckige Verspannungen sanft zu l\u00f6sen. Dies steht in der Jahrtausende alten Tradition der Hausmedizin, sich beim Auftreten von Muskel- und Gelenkschmerzen warmzuhalten.<\/p>\n\n\n\n<p>Von der medizinischen Thalassotherapie &#8211; der Name ist von griechisch &#8222;thalassa&#8220; (See) abgeleitet &#8211; werden Seewasser, Meersalz, Meeressedimente, Algen und Sand zur Heilung und zur Linderung von Rheuma und Hautkrankheiten genutzt. Auch bei nicht-klinischer Anwendung kommt das gesundheitsf\u00f6rdernde und belebende Zusammenwirken dieser Faktoren zum Tragen, das alle Strandurlauber kennen. Wir bieten Ihnen gro\u00dffl\u00e4chige indoor und outdoor Badezonen und Strandareale zum Entspannen w\u00e4hrend nicht-medizinischer Thalasso-Anwendungen mit Aufsicht und Anleitung.<\/p>\n\n\n\n<p>Lassen Sie sich w\u00e4hrend Ihres Besuchs in einem Alnilam Resort von der Kraft des Meeres beleben! Erfahrene Physiotherapeuten beraten Sie gerne und erarbeiten gemeinsam mit Ihnen den optimalen Plan f\u00fcr Ihr pers\u00f6nliches Spa-Erlebnis. Sauna, Dampfb\u00e4der und Thalasso-Anwendungen sind f\u00fcr G\u00e4ste von Alnilam Resorts im Preis inbegriffen. Preise f\u00fcr Hot-Stone-Massagen auf Anfrage.<\/p>\n<\/div>\n<\/div>\n","protected":false},"excerpt":{"rendered":"<p>In den Spas von Alnilam Resorts finden Sie Saunen und Dampfb\u00e4der mit gro\u00dfz\u00fcgigen Abk\u00fchlbecken indoor und outdoor, Pools, Thalasso und Bereiche f\u00fcr wohltuende Hot-Stone-Massagen. Bei Hot-Stone-Massagen werden erw\u00e4rmte Basaltsteine auf den K\u00f6rper gelegt, um die Muskeln durch W\u00e4rme zu lockern und hartn\u00e4ckige Verspannungen sanft zu l\u00f6sen. Dies steht in der Jahrtausende alten Tradition der Hausmedizin, [&#8230;]<\/p>\n<p><a class=\"btn btn-secondary understrap-read-more-link\" href=\"https:\/\/bekatec-baukasten.de\/14\/spa\/\">Weiterlesen\u00a0\u2026<span class=\"screen-reader-text\"> from Spa<\/span><\/a><\/p>\n","protected":false},"author":1,"featured_media":0,"parent":0,"menu_order":0,"comment_status":"closed","ping_status":"closed","template":"","meta":{"footnotes":""},"_links":{"self":[{"href":"https:\/\/bekatec-baukasten.de\/14\/wp-json\/wp\/v2\/pages\/92"}],"collection":[{"href":"https:\/\/bekatec-baukasten.de\/14\/wp-json\/wp\/v2\/pages"}],"about":[{"href":"https:\/\/bekatec-baukasten.de\/14\/wp-json\/wp\/v2\/types\/page"}],"author":[{"embeddable":true,"href":"https:\/\/bekatec-baukasten.de\/14\/wp-json\/wp\/v2\/users\/1"}],"replies":[{"embeddable":true,"href":"https:\/\/bekatec-baukasten.de\/14\/wp-json\/wp\/v2\/comments?post=92"}],"version-history":[{"count":33,"href":"https:\/\/bekatec-baukasten.de\/14\/wp-json\/wp\/v2\/pages\/92\/revisions"}],"predecessor-version":[{"id":319,"href":"https:\/\/bekatec-baukasten.de\/14\/wp-json\/wp\/v2\/pages\/92\/revisions\/319"}],"wp:attachment":[{"href":"https:\/\/bekatec-baukasten.de\/14\/wp-json\/wp\/v2\/media?parent=92"}],"curies":[{"name":"wp","href":"https:\/\/api.w.org\/{rel}","templated":true}]}}