{"id":138,"date":"2021-10-04T10:15:50","date_gmt":"2021-10-04T08:15:50","guid":{"rendered":"https:\/\/bekatec-baukasten.de\/15\/?page_id=138"},"modified":"2022-05-18T11:54:24","modified_gmt":"2022-05-18T09:54:24","slug":"dienstleistungen","status":"publish","type":"page","link":"https:\/\/bekatec-baukasten.de\/15\/dienstleistungen\/","title":{"rendered":"Services"},"content":{"rendered":"\n<p class=\"has-text-align-center mt-4\">Exzellente Orderabwicklung, Round-Turn-Commissions, die im harten internationalen Wettbewerb konkurrenzf\u00e4hig sind, technische Exzellenz sowie Skill und Brainpower von den besten Spezialisten ihres Fachs sind unser Erfolgsrezept. Wir setzen auf interdisziplin\u00e4re Synergieeffekte, haben Produkt- und Marktkompetenz im Haus und erg\u00e4nzen jene durch die Kompetenz von Experten, die f\u00fcr unsere Partner an den B\u00f6rsenpl\u00e4tzen weltweit t\u00e4tig sind.<\/p>\n\n\n\n<p class=\"has-text-align-center\">Wir orientieren uns an den Best Practices des B\u00f6rsenfachs und an optimalem Kundennutzen. Die Palette unserer Services ist exakt abgestimmt auf die Bed\u00fcrfnisse der drei Gruppen von Marktteilnehmer, die wir mit unseren Leistungen unterst\u00fctzen wollen.<\/p>\n\n\n\n<p class=\"has-text-align-center\">F&amp;S bietet Futures and Options Services f\u00fcr Privatkunden, Fondsmanager und Hedger.<\/p>\n\n\n\n<div class=\"wp-block-columns mt-lg-5 mt-md-4 mt-3 is-layout-flex wp-container-core-columns-is-layout-1 wp-block-columns-is-layout-flex\">\n<div class=\"wp-block-column is-layout-flow wp-block-column-is-layout-flow\">\n<figure class=\"wp-block-image size-full mb-0\"><img loading=\"lazy\" decoding=\"async\" width=\"1000\" height=\"667\" src=\"https:\/\/bekatec-baukasten.de\/15\/wp-content\/uploads\/sites\/19\/2022\/02\/business_3.jpg\" alt=\"\" class=\"wp-image-557\" srcset=\"https:\/\/bekatec-baukasten.de\/15\/wp-content\/uploads\/sites\/19\/2022\/02\/business_3.jpg 1000w, https:\/\/bekatec-baukasten.de\/15\/wp-content\/uploads\/sites\/19\/2022\/02\/business_3-300x200.jpg 300w, https:\/\/bekatec-baukasten.de\/15\/wp-content\/uploads\/sites\/19\/2022\/02\/business_3-768x512.jpg 768w\" sizes=\"(max-width: 1000px) 100vw, 1000px\" \/><\/figure>\n\n\n\n<p class=\"mt-3\"><strong>F\u00fcr Privatkunden:<\/strong><\/p>\n\n\n\n<ul><li>Plattform F&amp;S Trader<\/li><li>sekundenschnelle Orderabwicklung<\/li><li>One-Click Orders<\/li><li>konditionale Meta-Orders<\/li><li>Plattform F&amp;S Analyst<\/li><li>100 technische Indikatoren<\/li><li>F&amp;S Algebra f\u00fcr eigene Indikatoren<\/li><li>F&amp;S Strategist<\/li><li>Money Management<\/li><\/ul>\n<\/div>\n\n\n\n<div class=\"wp-block-column is-layout-flow wp-block-column-is-layout-flow\">\n<figure class=\"wp-block-image size-full mb-0\"><img loading=\"lazy\" decoding=\"async\" width=\"1000\" height=\"662\" src=\"https:\/\/bekatec-baukasten.de\/15\/wp-content\/uploads\/sites\/19\/2022\/02\/business_1.jpg\" alt=\"\" class=\"wp-image-539\" srcset=\"https:\/\/bekatec-baukasten.de\/15\/wp-content\/uploads\/sites\/19\/2022\/02\/business_1.jpg 1000w, https:\/\/bekatec-baukasten.de\/15\/wp-content\/uploads\/sites\/19\/2022\/02\/business_1-300x199.jpg 300w, https:\/\/bekatec-baukasten.de\/15\/wp-content\/uploads\/sites\/19\/2022\/02\/business_1-768x508.jpg 768w\" sizes=\"(max-width: 1000px) 100vw, 1000px\" \/><\/figure>\n\n\n\n<p class=\"mt-3\"><strong>F\u00fcr Fondsmanager zus\u00e4tzlich:<\/strong><\/p>\n\n\n\n<ul><li>Plattform F&amp;S Asset Allocator<\/li><li>revisionssichere Dokumentation<\/li><li>Unterst\u00fctzung von Basel III Reporting<\/li><li>Verarbeitung von Stapelauftr\u00e4gen<\/li><li>modellbasierte Stopps<\/li><li>Verarbeitung von Stoppsequenzen<\/li><li>Verarbeitung integraler Stoppmarken<\/li><li>F&amp;S Algebra f\u00fcr analytische Stoppmarken<\/li><li>Portfolio-\u00dcbersichten in Realtime<\/li><\/ul>\n<\/div>\n\n\n\n<div class=\"wp-block-column is-layout-flow wp-block-column-is-layout-flow\">\n<figure class=\"wp-block-image size-full mb-0\"><img loading=\"lazy\" decoding=\"async\" width=\"1000\" height=\"667\" src=\"https:\/\/bekatec-baukasten.de\/15\/wp-content\/uploads\/sites\/19\/2022\/02\/business_2.jpg\" alt=\"\" class=\"wp-image-540\" srcset=\"https:\/\/bekatec-baukasten.de\/15\/wp-content\/uploads\/sites\/19\/2022\/02\/business_2.jpg 1000w, https:\/\/bekatec-baukasten.de\/15\/wp-content\/uploads\/sites\/19\/2022\/02\/business_2-300x200.jpg 300w, https:\/\/bekatec-baukasten.de\/15\/wp-content\/uploads\/sites\/19\/2022\/02\/business_2-768x512.jpg 768w\" sizes=\"(max-width: 1000px) 100vw, 1000px\" \/><\/figure>\n\n\n\n<p class=\"mt-3\"><strong>F\u00fcr Hedger zus\u00e4tzlich:<\/strong><\/p>\n\n\n\n<ul><li>Plattform F&amp;S Corporate Tradestation<\/li><li>CBoT, CME, Eurex, LIFFE, Forex<\/li><li>COMEX, NYMEX, SGX.<\/li><li>elektronisches und telefonisches Sentiment<\/li><li>Fachspezialisten f\u00fcr Rohstoffe<\/li><li>Fachspezialisten f\u00fcr Energiekontrakte<\/li><li>Fachspezialisten f\u00fcr Metalle<\/li><li>Fachspezialisten f\u00fcr Devisen und Zinsen<\/li><li>24\/7 Service<\/li><\/ul>\n<\/div>\n<\/div>\n","protected":false},"excerpt":{"rendered":"<p>Exzellente Orderabwicklung, Round-Turn-Commissions, die im harten internationalen Wettbewerb konkurrenzf\u00e4hig sind, technische Exzellenz sowie Skill und Brainpower von den besten Spezialisten ihres Fachs sind unser Erfolgsrezept. Wir setzen auf interdisziplin\u00e4re Synergieeffekte, haben Produkt- und Marktkompetenz im Haus und erg\u00e4nzen jene durch die Kompetenz von Experten, die f\u00fcr unsere Partner an den B\u00f6rsenpl\u00e4tzen weltweit t\u00e4tig sind. Wir [&#8230;]<\/p>\n<p><a class=\"btn btn-secondary understrap-read-more-link\" href=\"https:\/\/bekatec-baukasten.de\/15\/dienstleistungen\/\">Weiterlesen\u00a0\u2026<span class=\"screen-reader-text\"> from Services<\/span><\/a><\/p>\n","protected":false},"author":1,"featured_media":0,"parent":0,"menu_order":0,"comment_status":"closed","ping_status":"closed","template":"","meta":{"footnotes":""},"_links":{"self":[{"href":"https:\/\/bekatec-baukasten.de\/15\/wp-json\/wp\/v2\/pages\/138"}],"collection":[{"href":"https:\/\/bekatec-baukasten.de\/15\/wp-json\/wp\/v2\/pages"}],"about":[{"href":"https:\/\/bekatec-baukasten.de\/15\/wp-json\/wp\/v2\/types\/page"}],"author":[{"embeddable":true,"href":"https:\/\/bekatec-baukasten.de\/15\/wp-json\/wp\/v2\/users\/1"}],"replies":[{"embeddable":true,"href":"https:\/\/bekatec-baukasten.de\/15\/wp-json\/wp\/v2\/comments?post=138"}],"version-history":[{"count":36,"href":"https:\/\/bekatec-baukasten.de\/15\/wp-json\/wp\/v2\/pages\/138\/revisions"}],"predecessor-version":[{"id":605,"href":"https:\/\/bekatec-baukasten.de\/15\/wp-json\/wp\/v2\/pages\/138\/revisions\/605"}],"wp:attachment":[{"href":"https:\/\/bekatec-baukasten.de\/15\/wp-json\/wp\/v2\/media?parent=138"}],"curies":[{"name":"wp","href":"https:\/\/api.w.org\/{rel}","templated":true}]}}