{"id":2,"date":"2021-06-22T11:44:49","date_gmt":"2021-06-22T09:44:49","guid":{"rendered":"https:\/\/bekatec-baukasten.de\/15\/?page_id=2"},"modified":"2022-05-18T11:49:44","modified_gmt":"2022-05-18T09:49:44","slug":"beispiel-seite","status":"publish","type":"page","link":"https:\/\/bekatec-baukasten.de\/15\/","title":{"rendered":"Faulkner &#038; Schmidt LLC"},"content":{"rendered":"\n<h2 class=\"has-text-align-center mb-md-3 mb-2 wp-block-heading\" id=\"bekatec-website-baukasten-demo\">Futures and Options Services<\/h2>\n\n\n\n<p class=\"has-text-align-center\">Wir sind Mitglied f\u00fchrender Rohstoff- und Metallb\u00f6rsen, CTA und unabh\u00e4ngiger IB f\u00fcr die Segmente Energie, Devisen und Zinsen. Unsere B2B-Handelsplattformen F&amp;S Corporate Tradestation und F&amp;S Asset Allocator bew\u00e4hren sich seit zehn Jahren auf einer vierstelligen Basis lizenzierter Installationen. Die Plattformen F&amp;S Strategist, F&amp;S Analyst und F&amp;S Trader werden weltweit von erfolgreichen Anlegern f\u00fcr Money Management, technische Analyse und Trading genutzt.<\/p>\n\n\n\n<p class=\"has-text-align-center\">Wir bieten erstklassige elektronische und telefonische Services in den Bereichen Brokerage, Introducing Brokerage und Consulting Services f\u00fcr drei Gruppen von Marktteilnehmern. Hedgern bieten wir sekundenschnelle Orderabwicklung und Berichte zum Market Sentiment. Fondsmanagern bieten wir \u00fcber unser Portal F&amp;S Asset Allocation Portfolio-\u00dcbersichten in Echtzeit, Privatanlegern \u00fcber unsere Plattformen One-Click Order Placement, Update und Cancellation.<\/p>\n\n\n\n<div class=\"wp-block-columns mt-lg-5 mt-md-4 mt-3 bg-light is-layout-flex wp-container-core-columns-is-layout-1 wp-block-columns-is-layout-flex\">\n<div class=\"wp-block-column is-layout-flow wp-block-column-is-layout-flow\">\n<figure class=\"wp-block-image size-full mb-0\"><img loading=\"lazy\" decoding=\"async\" width=\"1000\" height=\"667\" src=\"https:\/\/bekatec-baukasten.de\/15\/wp-content\/uploads\/sites\/19\/2022\/02\/business_2.jpg\" alt=\"\" class=\"wp-image-540\" srcset=\"https:\/\/bekatec-baukasten.de\/15\/wp-content\/uploads\/sites\/19\/2022\/02\/business_2.jpg 1000w, https:\/\/bekatec-baukasten.de\/15\/wp-content\/uploads\/sites\/19\/2022\/02\/business_2-300x200.jpg 300w, https:\/\/bekatec-baukasten.de\/15\/wp-content\/uploads\/sites\/19\/2022\/02\/business_2-768x512.jpg 768w\" sizes=\"(max-width: 1000px) 100vw, 1000px\" \/><\/figure>\n<\/div>\n\n\n\n<div class=\"wp-block-column p-lg-5 p-md-4 p-3 is-layout-flow wp-block-column-is-layout-flow\">\n<p>&#8222;Der Hedger macht den Markt und nach J. Welles Wilder Jr. muss und wird der Markt immer gewinnen.&#8220; (Frank P. Faulkner)<\/p>\n\n\n\n<p>Unsere Services f\u00fcr Unternehmen mit Bedarf an Hedging sind exakt auf die Bed\u00fcrfnisse fundamental agierender Marktteilnehmer zugeschnitten. Neben sekundenschneller Orderabwicklung und revisionssicherer Best\u00e4tigung bieten wir Ihnen elektronisches und telefonisches Market Sentiment.<\/p>\n\n\n\n<p>Von unseren Fachspezialisten aus den Bereichen Food, Fiber, Energy, industrial und precious Metals sowie Finance erhalten Sie verdichtete Sentiments unserer Trader und Partner in Chicago (CBoT, CME), Frankfurt (Eurex), London (LME, LIFFE), New York (COMEX, NYMEX) und Singapur (SGX).<\/p>\n\n\n\n<p>Unsere Operator sind 24\/7 f\u00fcr Sie erreichbar.<\/p>\n\n\n\n<div class=\"wp-block-buttons mt-4 is-layout-flex wp-block-buttons-is-layout-flex\">\n<div class=\"wp-block-button\"><a class=\"wp-block-button__link\">mehr dazu<\/a><\/div>\n<\/div>\n<\/div>\n<\/div>\n\n\n\n<div class=\"wp-block-columns mt-lg-5 mt-md-4 mt-3 bg-light is-layout-flex wp-container-core-columns-is-layout-2 wp-block-columns-is-layout-flex\">\n<div class=\"wp-block-column p-lg-5 p-md-4 p-3 is-layout-flow wp-block-column-is-layout-flow\">\n<p>&#8222;Go with the Pros!&#8220; (alte B\u00f6rsenweisheit)<\/p>\n\n\n\n<p>Wir bieten Fondsmanagern eine fundamentale, technische und technologische Basis zur Implementierung ihrer Strategie. Frank P. Faulkner und Joseph K. Schmidt waren vor der Gr\u00fcndung von Faulkner &amp; Schmidt LLC erfolgreiche CTA im Privatkunden und B2B-Gesch\u00e4ft von Fondsmanagern und kennen die Bed\u00fcrfnisse von Gro\u00dfinvestoren aus erster Hand.<\/p>\n\n\n\n<p>Neben der bew\u00e4hrten F&amp;S Orderabwicklung und revisionssicherer Dokumentation bieten wir Fondsmanagern automatische und manuelle Verarbeitung von Stapelauftr\u00e4gen und modellbasiertes automatisches Adjustment von Stopps. Wir verarbeiten zeit- und preisbasierte Sequenzen von integralen Stoppmarken und analytische Ausdr\u00fccke in der Syntax unseres F&amp;S Algebra White Sheets.<\/p>\n\n\n\n<div class=\"wp-block-buttons mt-4 is-layout-flex wp-block-buttons-is-layout-flex\">\n<div class=\"wp-block-button\"><a class=\"wp-block-button__link\">mehr dazu<\/a><\/div>\n<\/div>\n<\/div>\n\n\n\n<div class=\"wp-block-column is-layout-flow wp-block-column-is-layout-flow\">\n<figure class=\"wp-block-image size-full mb-0\"><img loading=\"lazy\" decoding=\"async\" width=\"1000\" height=\"662\" src=\"https:\/\/bekatec-baukasten.de\/15\/wp-content\/uploads\/sites\/19\/2022\/02\/business_1.jpg\" alt=\"\" class=\"wp-image-539\" srcset=\"https:\/\/bekatec-baukasten.de\/15\/wp-content\/uploads\/sites\/19\/2022\/02\/business_1.jpg 1000w, https:\/\/bekatec-baukasten.de\/15\/wp-content\/uploads\/sites\/19\/2022\/02\/business_1-300x199.jpg 300w, https:\/\/bekatec-baukasten.de\/15\/wp-content\/uploads\/sites\/19\/2022\/02\/business_1-768x508.jpg 768w\" sizes=\"(max-width: 1000px) 100vw, 1000px\" \/><\/figure>\n<\/div>\n<\/div>\n\n\n\n<div class=\"wp-block-columns alignfull testimonial my-lg-5 my-md-4 my-3 p-lg-5 p-md-4 p-3 has-black-background-color has-background is-layout-flex wp-container-core-columns-is-layout-3 wp-block-columns-is-layout-flex\">\n<div class=\"wp-block-column is-layout-flow wp-block-column-is-layout-flow\">\n<p class=\"has-text-align-center testimonial-txt mb-0 has-white-color has-text-color\">&#8222;Der Erfolg in den M\u00e4rkten h\u00e4ngt vom Money Management ab.&#8220;<\/p>\n\n\n\n<p class=\"has-text-align-center mb-0 has-white-color has-text-color\">Nach J. Welles Wilder Jr.<\/p>\n<\/div>\n<\/div>\n\n\n\n<div class=\"wp-block-columns mt-lg-5 mt-md-4 mt-3 bg-light is-layout-flex wp-container-core-columns-is-layout-4 wp-block-columns-is-layout-flex\">\n<div class=\"wp-block-column is-layout-flow wp-block-column-is-layout-flow\">\n<figure class=\"wp-block-image size-full mb-0\"><img loading=\"lazy\" decoding=\"async\" width=\"1000\" height=\"667\" src=\"https:\/\/bekatec-baukasten.de\/15\/wp-content\/uploads\/sites\/19\/2022\/02\/business_3.jpg\" alt=\"\" class=\"wp-image-557\" srcset=\"https:\/\/bekatec-baukasten.de\/15\/wp-content\/uploads\/sites\/19\/2022\/02\/business_3.jpg 1000w, https:\/\/bekatec-baukasten.de\/15\/wp-content\/uploads\/sites\/19\/2022\/02\/business_3-300x200.jpg 300w, https:\/\/bekatec-baukasten.de\/15\/wp-content\/uploads\/sites\/19\/2022\/02\/business_3-768x512.jpg 768w\" sizes=\"(max-width: 1000px) 100vw, 1000px\" \/><\/figure>\n<\/div>\n\n\n\n<div class=\"wp-block-column p-lg-5 p-md-4 p-3 is-layout-flow wp-block-column-is-layout-flow\">\n<p>Auch der beste Trader wird Trades mit Verlust t\u00e4tigen &#8211; eine Grunderkenntnis des B\u00f6rsenfachs. Unsere Plattform F&amp;S Strategist unterst\u00fctzt Sie in der Best Practice, solche Verluste zu begrenzen und Gewinnpositionen ins Ziel laufen zu lassen.<\/p>\n\n\n\n<p>Privatanlegern bieten wir neben der Orderabwicklung f\u00fcr Tick-, Intra- und Interday-Handel \u00fcber unsere Plattform F&amp;S Trader hinaus mit F&amp;S Strategist und F&amp;S Analyst professionelle Werkzeuge f\u00fcr Money Management und technische Analyse. Stop-and-Exit und Stop-and-Reversal Strategien, die in F&amp;S Analyst ermittelt wurden, k\u00f6nnen zusammen mit der initialen Order in Form konditionaler Meta-Orders platziert werden. Das teure \u00c4rgernis, \u00fcber Nacht aus einem intakten Trend ausgestoppt worden zu sein, geh\u00f6rt der Vergangenheit an.<\/p>\n\n\n\n<p>F&amp;S Strategist &#8211; damit der Saldo Ihrer Trades stimmt.<\/p>\n\n\n\n<div class=\"wp-block-buttons mt-4 is-layout-flex wp-block-buttons-is-layout-flex\">\n<div class=\"wp-block-button\"><a class=\"wp-block-button__link\">mehr dazu<\/a><\/div>\n<\/div>\n<\/div>\n<\/div>\n","protected":false},"excerpt":{"rendered":"<p>Futures and Options Services Wir sind Mitglied f\u00fchrender Rohstoff- und Metallb\u00f6rsen, CTA und unabh\u00e4ngiger IB f\u00fcr die Segmente Energie, Devisen und Zinsen. Unsere B2B-Handelsplattformen F&amp;S Corporate Tradestation und F&amp;S Asset Allocator bew\u00e4hren sich seit zehn Jahren auf einer vierstelligen Basis lizenzierter Installationen. Die Plattformen F&amp;S Strategist, F&amp;S Analyst und F&amp;S Trader werden weltweit von erfolgreichen [&#8230;]<\/p>\n<p><a class=\"btn btn-secondary understrap-read-more-link\" href=\"https:\/\/bekatec-baukasten.de\/15\/\">Weiterlesen\u00a0\u2026<span class=\"screen-reader-text\"> from Faulkner &#038; Schmidt LLC<\/span><\/a><\/p>\n","protected":false},"author":1,"featured_media":0,"parent":0,"menu_order":0,"comment_status":"closed","ping_status":"open","template":"","meta":{"footnotes":""},"_links":{"self":[{"href":"https:\/\/bekatec-baukasten.de\/15\/wp-json\/wp\/v2\/pages\/2"}],"collection":[{"href":"https:\/\/bekatec-baukasten.de\/15\/wp-json\/wp\/v2\/pages"}],"about":[{"href":"https:\/\/bekatec-baukasten.de\/15\/wp-json\/wp\/v2\/types\/page"}],"author":[{"embeddable":true,"href":"https:\/\/bekatec-baukasten.de\/15\/wp-json\/wp\/v2\/users\/1"}],"replies":[{"embeddable":true,"href":"https:\/\/bekatec-baukasten.de\/15\/wp-json\/wp\/v2\/comments?post=2"}],"version-history":[{"count":75,"href":"https:\/\/bekatec-baukasten.de\/15\/wp-json\/wp\/v2\/pages\/2\/revisions"}],"predecessor-version":[{"id":598,"href":"https:\/\/bekatec-baukasten.de\/15\/wp-json\/wp\/v2\/pages\/2\/revisions\/598"}],"wp:attachment":[{"href":"https:\/\/bekatec-baukasten.de\/15\/wp-json\/wp\/v2\/media?parent=2"}],"curies":[{"name":"wp","href":"https:\/\/api.w.org\/{rel}","templated":true}]}}