{"id":225,"date":"2021-10-04T11:33:24","date_gmt":"2021-10-04T09:33:24","guid":{"rendered":"https:\/\/bekatec-baukasten.de\/15\/?page_id=225"},"modified":"2022-05-18T11:53:49","modified_gmt":"2022-05-18T09:53:49","slug":"uber-uns","status":"publish","type":"page","link":"https:\/\/bekatec-baukasten.de\/15\/uber-uns\/","title":{"rendered":"\u00dcber Uns"},"content":{"rendered":"\n<p class=\"mt-4\">Wir, Dr. Frank John Faulkner (FJF) und Dr. Joseph Karl Schmidt (JKS), sind B\u00f6rsianer mit Leib und Seele. Nach dem Studium der Wirtschaftswissenschaften (FJF, Yale) respektive Wirtschaftsmathematik (JKS, Universit\u00e4t Erlangen-N\u00fcrnberg) erwarben wir parallel an der CBoT Lizenzen f\u00fcr das Floor Trading und arbeiteten uns zu Key-Account-Managern im Bereich Hedging hoch. Aus dieser Zeit resultiert unsere b\u00f6rsenfachliche Kooperation.<\/p>\n\n\n\n<p>Nach erfolgreichen Promotionen arbeiteten wir f\u00fcr einen britischen Fondsmanager im Gro\u00dfanlegergesch\u00e4ft zusammen. Die Firma musste w\u00e4hrend der Finanzkrise von 2008 liquidiert werden. Um sie vor einer Liquidation im Konkursverfahren zu bewahren, verzichteten wir auf die Auszahlung f\u00e4lliger Boni und lie\u00dfen uns in Sachwerten und durch Vertragseintritte abfinden &#8211; Faulkner &amp; Schmidt LLC entstand aus dieser Abfindungsmasse.<\/p>\n\n\n\n<div class=\"wp-block-columns is-layout-flex wp-container-core-columns-is-layout-1 wp-block-columns-is-layout-flex\">\n<div class=\"wp-block-column is-layout-flow wp-block-column-is-layout-flow\">\n<p>Durch die von uns erworbene ausgezeichnete Infrastruktur und die Erhebung des inoffiziellen, vom gro\u00dfen Trader und Lehrer J. Welles Wilder Jr. stammenden, Credos der liquidierten Firma &#8211; &#8222;Der Erfolg in den M\u00e4rkten h\u00e4ngt vom Money Management ab&#8220; &#8211; zum Leitsatz des Investmentgesch\u00e4fts unserer Unternehmung konnten wir Key-Account-Manager und technische Fachspezialisten f\u00fcr uns gewinnen. Nach Ende der Baisse konnten wir mit dieser Aufstellung an der steigenden Nachfrage nach Dienstleistungen im Bereich Futures and Options partizipieren und mit unserer Erfahrung aus den Bereichen Hedging und Fondsmanagement erfolgreich das B2B-Gesch\u00e4ft entwickeln.<\/p>\n<\/div>\n\n\n\n<div class=\"wp-block-column is-layout-flow wp-block-column-is-layout-flow\">\n<p>Das Privatkundengesch\u00e4ft kam nach Fertigstellung der f\u00fcr das F&amp;S Asset Allocator Frontend entwickelten F&amp;S Algebra hinzu. Unser Leistungsangebot wurde vom Markt besser aufgenommen, als wir &#8211; berufsbedingt notorisch konservativ in der Prognose von Wachstumszielen &#8211; es uns h\u00e4tten ertr\u00e4umen wollen. Der guten B\u00f6rsentradition, Gewinne laufen zu lassen folgend, bauten wir das Privatkundengesch\u00e4ft systematisch auf und erweiterten unsere Plattformen ausgehend vom Bedarf dieses Gesch\u00e4ftszweiges. Heute summieren sich die Nettopositionen der von uns betreuten privaten Mandanten auf das Volumen eines mittelgro\u00dfen Fonds, die durchschnittliche J\u00e4hrliche Rendite, die unsere Privatkunden mit ihrem Handel \u00fcber unsere Plattformen und mit Unterst\u00fctzung durch die von uns bereitgestellten Werkzeugen betr\u00e4gt zirka 35 %.<\/p>\n<\/div>\n<\/div>\n","protected":false},"excerpt":{"rendered":"<p>Wir, Dr. Frank John Faulkner (FJF) und Dr. Joseph Karl Schmidt (JKS), sind B\u00f6rsianer mit Leib und Seele. Nach dem Studium der Wirtschaftswissenschaften (FJF, Yale) respektive Wirtschaftsmathematik (JKS, Universit\u00e4t Erlangen-N\u00fcrnberg) erwarben wir parallel an der CBoT Lizenzen f\u00fcr das Floor Trading und arbeiteten uns zu Key-Account-Managern im Bereich Hedging hoch. Aus dieser Zeit resultiert unsere [&#8230;]<\/p>\n<p><a class=\"btn btn-secondary understrap-read-more-link\" href=\"https:\/\/bekatec-baukasten.de\/15\/uber-uns\/\">Weiterlesen\u00a0\u2026<span class=\"screen-reader-text\"> from \u00dcber Uns<\/span><\/a><\/p>\n","protected":false},"author":1,"featured_media":0,"parent":0,"menu_order":0,"comment_status":"closed","ping_status":"closed","template":"","meta":{"footnotes":""},"_links":{"self":[{"href":"https:\/\/bekatec-baukasten.de\/15\/wp-json\/wp\/v2\/pages\/225"}],"collection":[{"href":"https:\/\/bekatec-baukasten.de\/15\/wp-json\/wp\/v2\/pages"}],"about":[{"href":"https:\/\/bekatec-baukasten.de\/15\/wp-json\/wp\/v2\/types\/page"}],"author":[{"embeddable":true,"href":"https:\/\/bekatec-baukasten.de\/15\/wp-json\/wp\/v2\/users\/1"}],"replies":[{"embeddable":true,"href":"https:\/\/bekatec-baukasten.de\/15\/wp-json\/wp\/v2\/comments?post=225"}],"version-history":[{"count":9,"href":"https:\/\/bekatec-baukasten.de\/15\/wp-json\/wp\/v2\/pages\/225\/revisions"}],"predecessor-version":[{"id":604,"href":"https:\/\/bekatec-baukasten.de\/15\/wp-json\/wp\/v2\/pages\/225\/revisions\/604"}],"wp:attachment":[{"href":"https:\/\/bekatec-baukasten.de\/15\/wp-json\/wp\/v2\/media?parent=225"}],"curies":[{"name":"wp","href":"https:\/\/api.w.org\/{rel}","templated":true}]}}