{"id":563,"date":"2022-02-11T14:00:44","date_gmt":"2022-02-11T13:00:44","guid":{"rendered":"https:\/\/bekatec-baukasten.de\/15\/?page_id=563"},"modified":"2022-05-18T11:54:47","modified_gmt":"2022-05-18T09:54:47","slug":"partner","status":"publish","type":"page","link":"https:\/\/bekatec-baukasten.de\/15\/partner\/","title":{"rendered":"Partner"},"content":{"rendered":"\n<p class=\"has-text-align-center mt-4\">Eine breite Abdeckung von Handelspl\u00e4tzen l\u00e4sst sich nur durch strategische Partnerschaften mit Key Playern und Clearing Members der gro\u00dfen B\u00f6rsen realisieren. Wir sind stolz und gl\u00fccklich, uns in das Netzwerk der ersten Adressen des Segments Futures and Options als Partner eingef\u00fcgt zu haben. Durch diese Partnerschaften k\u00f6nnen wir unseren Mandanten optimale Ausf\u00fchrungen zu attraktiven Konditionen bieten.<\/p>\n\n\n\n<p class=\"has-text-align-center\">Zeitgem\u00e4\u00dfer elektronischer Handel erfordert einen hohen technischen Standard und Datenstr\u00f6me exzellenter Qualit\u00e4t. Durch die Leistung unserer Partner aus den Bereichen Informationstechnik, Softwareentwicklung und Data Exchange \u00fcbertreffen wir die von uns vertraglich zugesicherte Verf\u00fcgbarkeit unserer Frontends von 99,7 % im Mittel um 0,15 %, unsere mehrfach redundanten Backends zur automatisierten Orderausf\u00fchrung haben kumulativ eine Verf\u00fcgbarkeit von 100 % erzielt.<\/p>\n","protected":false},"excerpt":{"rendered":"<p>Eine breite Abdeckung von Handelspl\u00e4tzen l\u00e4sst sich nur durch strategische Partnerschaften mit Key Playern und Clearing Members der gro\u00dfen B\u00f6rsen realisieren. Wir sind stolz und gl\u00fccklich, uns in das Netzwerk der ersten Adressen des Segments Futures and Options als Partner eingef\u00fcgt zu haben. Durch diese Partnerschaften k\u00f6nnen wir unseren Mandanten optimale Ausf\u00fchrungen zu attraktiven Konditionen [&#8230;]<\/p>\n<p><a class=\"btn btn-secondary understrap-read-more-link\" href=\"https:\/\/bekatec-baukasten.de\/15\/partner\/\">Weiterlesen\u00a0\u2026<span class=\"screen-reader-text\"> from Partner<\/span><\/a><\/p>\n","protected":false},"author":1,"featured_media":0,"parent":0,"menu_order":0,"comment_status":"closed","ping_status":"closed","template":"","meta":{"footnotes":""},"_links":{"self":[{"href":"https:\/\/bekatec-baukasten.de\/15\/wp-json\/wp\/v2\/pages\/563"}],"collection":[{"href":"https:\/\/bekatec-baukasten.de\/15\/wp-json\/wp\/v2\/pages"}],"about":[{"href":"https:\/\/bekatec-baukasten.de\/15\/wp-json\/wp\/v2\/types\/page"}],"author":[{"embeddable":true,"href":"https:\/\/bekatec-baukasten.de\/15\/wp-json\/wp\/v2\/users\/1"}],"replies":[{"embeddable":true,"href":"https:\/\/bekatec-baukasten.de\/15\/wp-json\/wp\/v2\/comments?post=563"}],"version-history":[{"count":7,"href":"https:\/\/bekatec-baukasten.de\/15\/wp-json\/wp\/v2\/pages\/563\/revisions"}],"predecessor-version":[{"id":606,"href":"https:\/\/bekatec-baukasten.de\/15\/wp-json\/wp\/v2\/pages\/563\/revisions\/606"}],"wp:attachment":[{"href":"https:\/\/bekatec-baukasten.de\/15\/wp-json\/wp\/v2\/media?parent=563"}],"curies":[{"name":"wp","href":"https:\/\/api.w.org\/{rel}","templated":true}]}}